{"id":84,"date":"2021-08-03T17:12:31","date_gmt":"2021-08-03T15:12:31","guid":{"rendered":"https:\/\/y-a-wordsmith.fr\/?page_id=84"},"modified":"2023-03-01T15:14:13","modified_gmt":"2023-03-01T14:14:13","slug":"contenu-seo-haut-de-gamme","status":"publish","type":"page","link":"https:\/\/y-a-wordsmith.fr\/","title":{"rendered":"Bienvenue chez Y-A Wordsmith, sp\u00e9cialiste du contenu SEO haut de gamme."},"content":{"rendered":"\n<div class=\"wp-block-cover alignfull is-light\" style=\"min-height:400px\"><span aria-hidden=\"true\" class=\"wp-block-cover__background has-background-dim-20 has-background-dim\"><\/span><img decoding=\"async\" loading=\"lazy\" width=\"2560\" height=\"1280\" class=\"wp-block-cover__image-background wp-image-157\" alt=\"\" src=\"https:\/\/y-a-wordsmith.fr\/wp-content\/uploads\/2021\/08\/SEO1-scaled.jpg\" style=\"object-position:74% 67%\" data-object-fit=\"cover\" data-object-position=\"74% 67%\" srcset=\"https:\/\/y-a-wordsmith.fr\/wp-content\/uploads\/2021\/08\/SEO1-scaled.jpg 2560w, https:\/\/y-a-wordsmith.fr\/wp-content\/uploads\/2021\/08\/SEO1-300x150.jpg 300w, https:\/\/y-a-wordsmith.fr\/wp-content\/uploads\/2021\/08\/SEO1-1024x512.jpg 1024w, https:\/\/y-a-wordsmith.fr\/wp-content\/uploads\/2021\/08\/SEO1-768x384.jpg 768w, https:\/\/y-a-wordsmith.fr\/wp-content\/uploads\/2021\/08\/SEO1-1536x768.jpg 1536w\" sizes=\"(max-width: 2560px) 100vw, 2560px\" \/><div class=\"wp-block-cover__inner-container\">\n<p class=\"has-text-align-center has-large-font-size\"><\/p>\n<\/div><\/div>\n\n\n\n<p><strong>Augmentez votre visibilit\u00e9<\/strong> sur Internet et d\u00e9marquez-vous gr\u00e2ce \u00e0 des articles de grande qualit\u00e9. Des textes SEO haut de gamme,  bien loin de la production de masse, adapt\u00e9s aux sites de niche, hautement sp\u00e9cialis\u00e9s, et \u00e0 leur client\u00e8le exigeante.<\/p>\n\n\n\n<p>Y-A Wordsmith est une entreprise sp\u00e9cialis\u00e9e dans le <strong>contenu Seo haut de gamme<\/strong>. Vous avez un blog, un site web, une boutique en ligne\u2026 Et souhaitez am\u00e9liorer votre r\u00e9f\u00e9rencement&nbsp;ou simplement offrir un <strong>contenu riche<\/strong> \u00e0 votre auditoire? Articles sp\u00e9cialis\u00e9s, tenue de blog, pages d&rsquo;accueil, de cat\u00e9gories ou de produits de luxe, nous nous chargeons de r\u00e9diger vos textes pour qu\u2019ils soient optimis\u00e9s pour les moteurs de recherche et adapt\u00e9s \u00e0 une <strong>client\u00e8le de niche<\/strong> toujours plus exigeante.<\/p>\n\n\n\n<p>En parall\u00e8le, nous aidons les nouveaux venus dans le monde de la r\u00e9daction Web, en proposant une <strong>formation compl\u00e8te<\/strong> pour les guider depuis la cr\u00e9ation de leur statut jusqu&rsquo;\u00e0 leur premi\u00e8re d\u00e9claration de revenus, et nous recrutons les meilleurs comme partenaires.<\/p>\n\n\n\n<h2>Qu\u2019est ce qu\u2019un contenu SEO haut de gamme&nbsp;?<\/h2>\n\n\n\n<p>Le contenu que nous proposons r\u00e9pond \u00e0 un <strong>cahier des charges tr\u00e8s strict<\/strong> en mati\u00e8re de sp\u00e9cialisation, d&rsquo;optimisation, et de communication.<\/p>\n\n\n\n<h3>Contenu de niche hautement sp\u00e9cialis\u00e9<\/h3>\n\n\n\n<p>Nous \u00e9tudions toute la s\u00e9mantique et la sp\u00e9cificit\u00e9 de votre domaine pour vous offrir un <strong>contenu coh\u00e9rent<\/strong>, au vocabulaire riche. La cr\u00e9ation de contenu pour les sites de niche demande beaucoup de recherches et d&rsquo;investissement de la part des r\u00e9dacteurs. Le sujet doit \u00eatre ma\u00eetris\u00e9 autant que les champs lexicaux, pour offrir \u00e0 nos clients des textes de r\u00e9f\u00e9rence, qu&rsquo;ils peuvent afficher et partager avec leur auditoire compos\u00e9 majoritairement d&rsquo;initi\u00e9s et de connaisseurs.<\/p>\n\n\n\n<h3>Optimisation \u00e0 jour<\/h3>\n\n\n\n<p>Les moteurs de recherche \u00e9voluent constamment et mettent \u00e0 jour leurs algorithmes de r\u00e9f\u00e9rencement. Pour \u00eatre bien r\u00e9f\u00e9renc\u00e9 il faut donc se tenir inform\u00e9 des derni\u00e8res modifications. Longueur optimale du texte, placement strat\u00e9gique des mots-cl\u00e9s, utilisation coh\u00e9rente des balises&#8230; Nos r\u00e9dacteurs se forment en permanence pour toujours offrir \u00e0 nos clients des <strong>textes parfaitement optimis\u00e9s<\/strong>.<\/p>\n\n\n\n<p> La s\u00e9lection des mots-cl\u00e9s repose sur les demandes du client, une analyse pouss\u00e9e des requ\u00eates web, et une <strong>anticipation des futures tendances<\/strong>, pour un r\u00e9f\u00e9rencement plus durable.<\/p>\n\n\n\n<h3>Un style adapt\u00e9 \u00e0 une client\u00e8le exigeante<\/h3>\n\n\n\n<p>Loin du style commercial et format\u00e9 de la majorit\u00e9 de la production de textes SEO actuelle, nous concentrons nos efforts sur le <strong>respect du lecteur<\/strong>. En effet nous consid\u00e9rons qu&rsquo;il est inutile voire dangereux de n\u00e9gliger le style pour ne privil\u00e9gier que l&rsquo;optimisation. Le trafic ainsi attir\u00e9 s\u00e9duirait 80 pourcent des lecteurs, mais laisserait bien souvent dubitatifs les 20 pourcents de votre audience qui selon la <strong>loi de Paretto<\/strong> feront la diff\u00e9rence.<\/p>\n\n\n\n<blockquote class=\"wp-block-quote\">\n<p>\u00ab\u00a0A vouloir s&rsquo;adresser \u00e0 tout le monde, on n&rsquo;interpelle personne ! \u00ab\u00a0<\/p>\n<cite>Y.A Wordsmith<\/cite><\/blockquote>\n\n\n\n<p>Nous misons sur ces 20 pourcents d&rsquo;auditoire de qualit\u00e9. Ceux qui arrivent sur votre site de niche ou votre boutique de produits de luxe avec une <strong>vraie intention<\/strong>.  Pour nous adresser \u00e0 eux, nous soignons le style d&rsquo;\u00e9criture, la pr\u00e9sentation du contenu, et portons une attention particuli\u00e8re \u00e0 la qualit\u00e9 de l&rsquo;information que nous leur apportons. <\/p>\n\n\n\n<p>Y.A Wordsmith vous propose l&rsquo;alliance de deux domaines : r\u00e9daction SEO et communication, pour un r\u00e9sultat optimal.<\/p>\n\n\n\n<figure class=\"wp-block-pullquote\"><blockquote><p>Se constituer un auditoire est une question d&rsquo;optimisation, conserver son int\u00e9r\u00eat est une affaire de communication.<\/p><cite>Y-A Wordsmith<\/cite><\/blockquote><\/figure>\n\n\n\n<div class=\"is-horizontal is-content-justification-center is-layout-flex wp-container-1 wp-block-buttons\">\n<div class=\"wp-block-button\"><a class=\"wp-block-button__link has-background wp-element-button\" href=\"https:\/\/y-a-wordsmith.fr\/index.php\/commander-un-texte-seo-2\/\" style=\"border-radius:50px;background-color:#8bb789\">Commandez du contenu SEO haut de gamme<\/a><\/div>\n<\/div>\n\n\n\n<h2>Quels sont les avantages du contenu SEO haut de gamme?<\/h2>\n\n\n\n<ul>\n<li>Optimisation \u00e0 jour et anticipation des tendances pour un meilleur r\u00e9f\u00e9rencement, plus longtemps<\/li>\n\n\n\n<li>Contenu<strong> hautement sp\u00e9cialis\u00e9<\/strong>, adapt\u00e9 aux sites de niche<\/li>\n\n\n\n<li>Conservation de l&rsquo;int\u00e9r\u00eat de votre audience sur la dur\u00e9e<\/li>\n\n\n\n<li>Am\u00e9lioration du <strong>taux de conversion<\/strong><\/li>\n\n\n\n<li>Alliance du SEO et de la communication, pour un contenu adapt\u00e9 \u00e0 une client\u00e8le tr\u00e8s exigeante<\/li>\n<\/ul>\n\n\n\n<p><\/p>\n\n\n\n<h2>Formation r\u00e9dacteur Web<\/h2>\n\n\n\n<p>Si vous souhaitez vous aussi<strong> devenir r\u00e9dacteur web<\/strong>, Y-A Wordsmith vous offre la possibilit\u00e9 de vous former. La formation d&rsquo;une dur\u00e9e de 4 mois, comprend l\u2019\u00e9tude de la r\u00e9daction SEO, mais aussi tout l\u2019aspect administratif et fiscal, pour que vous soyez capable \u00e0 la fin de la formation, de vous mettre \u00e0 votre compte en tant que <strong>r\u00e9dacteur web freelance<\/strong>.<\/p>\n\n\n\n<div class=\"is-horizontal is-content-justification-center is-layout-flex wp-container-2 wp-block-buttons\">\n<div class=\"wp-block-button\"><a class=\"wp-block-button__link has-background wp-element-button\" href=\"https:\/\/y-a-wordsmith.fr\/index.php\/devenir-redacteur-web\/\" style=\"border-radius:50px;background-color:#8bb789\">Devenez r\u00e9dacteur Web<\/a><\/div>\n<\/div>\n\n\n<div class=\"wp-block-image\">\n<figure class=\"aligncenter size-large is-resized\"><img decoding=\"async\" loading=\"lazy\" src=\"https:\/\/y-a-wordsmith.fr\/wp-content\/uploads\/2021\/08\/Sans-titre-1024x512.jpg\" alt=\"\" class=\"wp-image-133\" width=\"706\" height=\"353\" srcset=\"https:\/\/y-a-wordsmith.fr\/wp-content\/uploads\/2021\/08\/Sans-titre-1024x512.jpg 1024w, https:\/\/y-a-wordsmith.fr\/wp-content\/uploads\/2021\/08\/Sans-titre-300x150.jpg 300w, https:\/\/y-a-wordsmith.fr\/wp-content\/uploads\/2021\/08\/Sans-titre-768x384.jpg 768w, https:\/\/y-a-wordsmith.fr\/wp-content\/uploads\/2021\/08\/Sans-titre-1536x768.jpg 1536w\" sizes=\"(max-width: 706px) 100vw, 706px\" \/><figcaption class=\"wp-element-caption\"><strong>SIRET : 891 842 866 000 16<\/strong><\/figcaption><\/figure><\/div>\n\n\n<p><\/p>\n","protected":false},"excerpt":{"rendered":"<p>Augmentez votre visibilit\u00e9 sur Internet et d\u00e9marquez-vous gr\u00e2ce \u00e0 des articles de grande qualit\u00e9. Des textes SEO haut de gamme, bien loin de la production de masse, adapt\u00e9s aux sites de niche, hautement sp\u00e9cialis\u00e9s, et \u00e0 leur client\u00e8le exigeante. Y-A Wordsmith est une entreprise sp\u00e9cialis\u00e9e dans le contenu Seo haut de gamme. Vous avez un blog, un site web, une boutique en ligne\u2026 Et souhaitez am\u00e9liorer votre r\u00e9f\u00e9rencement&nbsp;ou simplement offrir un contenu riche \u00e0 votre auditoire? Articles sp\u00e9cialis\u00e9s, tenue de blog, pages d&rsquo;accueil, de cat\u00e9gories ou de produits de luxe, nous nous chargeons de r\u00e9diger vos textes pour qu\u2019ils soient\u2026<\/p>\n","protected":false},"author":1,"featured_media":0,"parent":0,"menu_order":0,"comment_status":"closed","ping_status":"closed","template":"","meta":{"om_disable_all_campaigns":false,"_monsterinsights_skip_tracking":false,"_monsterinsights_sitenote_active":false,"_monsterinsights_sitenote_note":"","_monsterinsights_sitenote_category":0},"blocksy_meta":{"styles_descriptor":{"styles":{"desktop":"","tablet":"","mobile":""},"google_fonts":[]}},"aioseo_notices":[],"_links":{"self":[{"href":"https:\/\/y-a-wordsmith.fr\/index.php\/wp-json\/wp\/v2\/pages\/84"}],"collection":[{"href":"https:\/\/y-a-wordsmith.fr\/index.php\/wp-json\/wp\/v2\/pages"}],"about":[{"href":"https:\/\/y-a-wordsmith.fr\/index.php\/wp-json\/wp\/v2\/types\/page"}],"author":[{"embeddable":true,"href":"https:\/\/y-a-wordsmith.fr\/index.php\/wp-json\/wp\/v2\/users\/1"}],"replies":[{"embeddable":true,"href":"https:\/\/y-a-wordsmith.fr\/index.php\/wp-json\/wp\/v2\/comments?post=84"}],"version-history":[{"count":61,"href":"https:\/\/y-a-wordsmith.fr\/index.php\/wp-json\/wp\/v2\/pages\/84\/revisions"}],"predecessor-version":[{"id":542,"href":"https:\/\/y-a-wordsmith.fr\/index.php\/wp-json\/wp\/v2\/pages\/84\/revisions\/542"}],"wp:attachment":[{"href":"https:\/\/y-a-wordsmith.fr\/index.php\/wp-json\/wp\/v2\/media?parent=84"}],"curies":[{"name":"wp","href":"https:\/\/api.w.org\/{rel}","templated":true}]}}