{"id":74,"date":"2021-08-03T16:45:14","date_gmt":"2021-08-03T14:45:14","guid":{"rendered":"https:\/\/y-a-wordsmith.fr\/?page_id=74"},"modified":"2021-08-20T07:55:20","modified_gmt":"2021-08-20T05:55:20","slug":"devenir-redacteur-web","status":"publish","type":"page","link":"https:\/\/y-a-wordsmith.fr\/index.php\/devenir-redacteur-web\/","title":{"rendered":"Formation : devenir r\u00e9dacteur Web"},"content":{"rendered":"\n<div class=\"wp-block-cover aligncenter has-background-dim\" style=\"min-height:400px\"><img decoding=\"async\" loading=\"lazy\" width=\"1707\" height=\"2560\" class=\"wp-block-cover__image-background wp-image-225\" alt=\"\" src=\"https:\/\/y-a-wordsmith.fr\/wp-content\/uploads\/2021\/08\/pexels-daria-obymaha-1684151-scaled.jpg\" style=\"object-position:18% 70%\" data-object-fit=\"cover\" data-object-position=\"18% 70%\" srcset=\"https:\/\/y-a-wordsmith.fr\/wp-content\/uploads\/2021\/08\/pexels-daria-obymaha-1684151-scaled.jpg 1707w, https:\/\/y-a-wordsmith.fr\/wp-content\/uploads\/2021\/08\/pexels-daria-obymaha-1684151-200x300.jpg 200w, https:\/\/y-a-wordsmith.fr\/wp-content\/uploads\/2021\/08\/pexels-daria-obymaha-1684151-683x1024.jpg 683w, https:\/\/y-a-wordsmith.fr\/wp-content\/uploads\/2021\/08\/pexels-daria-obymaha-1684151-768x1152.jpg 768w, https:\/\/y-a-wordsmith.fr\/wp-content\/uploads\/2021\/08\/pexels-daria-obymaha-1684151-1024x1536.jpg 1024w, https:\/\/y-a-wordsmith.fr\/wp-content\/uploads\/2021\/08\/pexels-daria-obymaha-1684151-1365x2048.jpg 1365w\" sizes=\"(max-width: 1707px) 100vw, 1707px\" \/><div class=\"wp-block-cover__inner-container\">\n<figure class=\"wp-block-pullquote alignwide\" style=\"border-color:#8bb789\"><blockquote class=\"has-text-color has-palette-color-8-color\"><p>Formation SEO de luxe et coaching pour <strong>devenir r\u00e9dacteur web<\/strong> pas \u00e0 pas<\/p><\/blockquote><\/figure>\n\n\n\n<p class=\"has-text-align-center\"><\/p>\n<\/div><\/div>\n\n\n\n<p>Vous souhaitez devenir r\u00e9dacteur SEO free-lance et \u00eatre <strong>\u00e0 votre compte<\/strong>? Voire int\u00e9grer une agence Web et faire valoir vos comp\u00e9tences&nbsp;? Cela ne s&rsquo;improvise pas. Une <strong>formation r\u00e9daction web<\/strong> \/ SEO est la premi\u00e8re \u00e9tape vers la r\u00e9alisation de votre projet.<\/p>\n\n\n\n<h2 class=\"has-text-align-center\">Une formation compl\u00e8te de 4 mois pour devenir r\u00e9dacteur Web<\/h2>\n\n\n\n<p>Y.A Wordsmith vous propose un guide de r\u00e9f\u00e9rence pour<strong> vous former \u00e0 distance<\/strong>, et un accompagnement personnalis\u00e9 sur 4 mois pour vous permettre de cr\u00e9er votre statut de r\u00e9dacteur web et d&rsquo;am\u00e9liorer vos comp\u00e9tences r\u00e9dactionnelles.<\/p>\n\n\n\n<div class=\"is-layout-flow wp-block-group\"><div class=\"wp-block-group__inner-container\">\n<div class=\"is-layout-flex wp-container-4 wp-block-columns\">\n<div class=\"is-layout-flow wp-block-column\">\n<figure class=\"wp-block-image alignwide size-large is-style-default\"><img decoding=\"async\" loading=\"lazy\" width=\"642\" height=\"1024\" src=\"https:\/\/y-a-wordsmith.fr\/wp-content\/uploads\/2021\/08\/Devenir-redacteur-web-en-642x1024.jpg\" alt=\"Ebook devenir r\u00e9dacteur web en 5 \u00e9tapes\" class=\"wp-image-275\" srcset=\"https:\/\/y-a-wordsmith.fr\/wp-content\/uploads\/2021\/08\/Devenir-redacteur-web-en-642x1024.jpg 642w, https:\/\/y-a-wordsmith.fr\/wp-content\/uploads\/2021\/08\/Devenir-redacteur-web-en-188x300.jpg 188w, https:\/\/y-a-wordsmith.fr\/wp-content\/uploads\/2021\/08\/Devenir-redacteur-web-en-768x1226.jpg 768w, https:\/\/y-a-wordsmith.fr\/wp-content\/uploads\/2021\/08\/Devenir-redacteur-web-en-963x1536.jpg 963w, https:\/\/y-a-wordsmith.fr\/wp-content\/uploads\/2021\/08\/Devenir-redacteur-web-en-1283x2048.jpg 1283w, https:\/\/y-a-wordsmith.fr\/wp-content\/uploads\/2021\/08\/Devenir-redacteur-web-en.jpg 1410w\" sizes=\"(max-width: 642px) 100vw, 642px\" \/><figcaption><strong>Guide pratique OFFERT pour toute inscription<\/strong><\/figcaption><\/figure>\n\n\n\n<p style=\"font-size:18px\">Pour toute souscription \u00e0 notre<strong> formation de r\u00e9daction Web<\/strong>, nous vous offrons le guide pratique \u00ab\u00a0<strong>devenir r\u00e9dacteur Web en 5 \u00e9tapes<\/strong>\u00ab\u00a0, \u00e9dition 2021. Cet ouvrage r\u00e9dig\u00e9 par notre \u00e9quipe va \u00e0 l&rsquo;essentiel pour vous permettre de cr\u00e9er votre statut d&rsquo;autoentrepreneur et de gagner vos premiers revenus. Il constituera la base de votre formation, sur laquelle nous nous appuierons tout au long de ces 4 mois. Il est aussi disponible \u00e0 la vente, en dehors de toute formation, <a href=\"https:\/\/y-a-wordsmith.fr\/index.php\/ebook-devenir-redacteur-web\/\" target=\"_blank\" rel=\"noreferrer noopener\" title=\"https:\/\/y-a-wordsmith.fr\/index.php\/ebook-devenir-redacteur-web\/\">directement ICI<\/a> ou sur Amazon.<\/p>\n<\/div>\n\n\n\n<div class=\"is-layout-flow wp-block-column is-vertically-aligned-top\">\n<div class=\"wp-block-image\"><figure class=\"aligncenter size-large\"><img decoding=\"async\" loading=\"lazy\" width=\"1024\" height=\"683\" src=\"https:\/\/y-a-wordsmith.fr\/wp-content\/uploads\/2021\/08\/pexels-mart-production-7709091-1024x683.jpg\" alt=\"accompagnement devenir r\u00e9dacteur web7j\/7j\" class=\"wp-image-265\" srcset=\"https:\/\/y-a-wordsmith.fr\/wp-content\/uploads\/2021\/08\/pexels-mart-production-7709091-1024x683.jpg 1024w, https:\/\/y-a-wordsmith.fr\/wp-content\/uploads\/2021\/08\/pexels-mart-production-7709091-300x200.jpg 300w, https:\/\/y-a-wordsmith.fr\/wp-content\/uploads\/2021\/08\/pexels-mart-production-7709091-768x512.jpg 768w, https:\/\/y-a-wordsmith.fr\/wp-content\/uploads\/2021\/08\/pexels-mart-production-7709091-1536x1024.jpg 1536w, https:\/\/y-a-wordsmith.fr\/wp-content\/uploads\/2021\/08\/pexels-mart-production-7709091-2048x1365.jpg 2048w\" sizes=\"(max-width: 1024px) 100vw, 1024px\" \/><figcaption><strong>Accompagnement et coaching<\/strong> <strong>7j\/7j<\/strong><\/figcaption><\/figure><\/div>\n\n\n\n<p style=\"font-size:18px\">Nous vous accompagnons pendant toute la dur\u00e9e de la formation pour r\u00e9pondre \u00e0 vos questions, corriger les exercices, vous conseiller&#8230; Par <strong>mail et par t\u00e9l\u00e9phone, 7j\/7j<\/strong>. Nous ferons en sorte que chaque \u00e9tape soit ma\u00eetris\u00e9e avant de passer \u00e0 la suivante, pour vous garantir un r\u00e9sultat en fin de cycle. En effet, nous vous garantissons vos <strong>premiers revenus de r\u00e9dacteur web freelance<\/strong> \u00e0 l&rsquo;issue de votre cursus.<\/p>\n\n\n\n<div style=\"height:100px\" aria-hidden=\"true\" class=\"wp-block-spacer\"><\/div>\n\n\n\n<figure class=\"wp-block-pullquote\" style=\"border-color:#8bb789\"><blockquote><p>Nous garantissons votre succ\u00e8s<\/p><cite>Y.A Wordsmith<\/cite><\/blockquote><\/figure>\n\n\n\n<div style=\"height:25px\" aria-hidden=\"true\" class=\"wp-block-spacer\"><\/div>\n\n\n\n<div class=\"is-layout-flex wp-block-buttons is-content-justification-center\">\n<div class=\"wp-block-button\"><a class=\"wp-block-button__link has-background\" href=\"https:\/\/y-a-wordsmith.fr\/index.php\/formulaire-dinscription-a-la-formation\/\" style=\"border-radius:50px;background-color:#8bb789\">INSCRIPTION RAPIDE<\/a><\/div>\n<\/div>\n<\/div>\n<\/div>\n<\/div><\/div>\n\n\n\n<figure class=\"wp-block-pullquote\" style=\"border-color:#8bb789\"><blockquote><p>Une formation <strong>rentabilis\u00e9e d\u00e8s les premi\u00e8res semaines<\/strong>, en suivant pas \u00e0 pas chacune des \u00e9tapes<\/p><\/blockquote><\/figure>\n\n\n\n<h3 class=\"has-text-align-center\">Programme de la formation \u00ab\u00a0devenir r\u00e9dacteur web\u00a0\u00bb<\/h3>\n\n\n\n<blockquote class=\"wp-block-quote\"><p>Un savant cocktail p\u00e9dagogique m\u00ealant autoapprentissage, exercices corrig\u00e9s en direct par notre \u00e9quipe, et un conseiller\/coach disponible 7j\/7j , pour vous permettre d&rsquo;atteindre vos objectifs en 4 mois.<\/p><cite>Y.A WORDSMITH<\/cite><\/blockquote>\n\n\n\n<p>La formation co\u00fbte <strong>229 euros TTC<\/strong> et s&rsquo;\u00e9tale sur 4 mois, durant lesquels vous recevrez par mail des cours au format PDF et des <strong>exercices pour vous entra\u00eener<\/strong> et vous am\u00e9liorer. Un <strong>coach personnel<\/strong> vous sera assign\u00e9, qui r\u00e9pondra \u00e0 vos interrogations, vous conseillera, et vous guidera pas \u00e0 pas.  Ce service accompagnement reste <strong>disponible 7j\/7j<\/strong> pour vous de mani\u00e8re que chaque objectif mensuel soit atteint. N&rsquo;h\u00e9sitez pas pendant votre formation \u00e0 nous envoyer un mail ou nous appeler directement. A la fin du 4 \u00e8me mois vous serez officiellement r\u00e9dacteur web et travaillerez \u00e0 votre compte.<\/p>\n\n\n\n<ul><li><strong>Mois 1 <\/strong>: cr\u00e9ation du statut d&rsquo;autoentrepreneur. Objectif : <strong>obtenir votre num\u00e9ro SIRET<\/strong>. Premiers exercices sur les bases de la r\u00e9daction SEO.<\/li><li><strong>Mois 2<\/strong> : Inscription sur des plateformes de r\u00e9daction web. Objectif : \u00e9crire vos <strong>premiers textes r\u00e9mun\u00e9r\u00e9s<\/strong>. Nous vous accompagnons et corrigeons vos premiers textes avant que vous ne les rendiez.<\/li><li><strong>Mois 3<\/strong> : D\u00e9claration de vos <strong>premiers revenus<\/strong>. Objectif : \u00eatre autonome dans la fiscalit\u00e9.<\/li><li><strong>Mois 4<\/strong> : Approfondissement des connaissances et sp\u00e9cialisation. Objectif : Augmenter la qualit\u00e9 de vos textes pour pouvoir en <strong>augmenter la valeur<\/strong>. Cours et exercices sur le storytelling.<\/li><\/ul>\n\n\n\n<div class=\"is-layout-flex wp-block-buttons is-content-justification-center\">\n<div class=\"wp-block-button\"><a class=\"wp-block-button__link has-background\" href=\"https:\/\/y-a-wordsmith.fr\/index.php\/formulaire-dinscription-a-la-formation\/\" style=\"border-radius:50px;background-color:#8bb789\">INSCRIVEZ VOUS MAINTENANT<\/a><\/div>\n<\/div>\n\n\n\n<div class=\"wp-block-cover aligncenter has-background-dim-20 has-background-dim\" style=\"min-height:401px\"><img decoding=\"async\" loading=\"lazy\" width=\"2560\" height=\"1707\" class=\"wp-block-cover__image-background wp-image-247\" alt=\"\" src=\"https:\/\/y-a-wordsmith.fr\/wp-content\/uploads\/2021\/08\/pexels-todoran-bogdan-783737-scaled.jpg\" style=\"object-position:53% 63%\" data-object-fit=\"cover\" data-object-position=\"53% 63%\" srcset=\"https:\/\/y-a-wordsmith.fr\/wp-content\/uploads\/2021\/08\/pexels-todoran-bogdan-783737-scaled.jpg 2560w, https:\/\/y-a-wordsmith.fr\/wp-content\/uploads\/2021\/08\/pexels-todoran-bogdan-783737-300x200.jpg 300w, https:\/\/y-a-wordsmith.fr\/wp-content\/uploads\/2021\/08\/pexels-todoran-bogdan-783737-1024x683.jpg 1024w, https:\/\/y-a-wordsmith.fr\/wp-content\/uploads\/2021\/08\/pexels-todoran-bogdan-783737-768x512.jpg 768w, https:\/\/y-a-wordsmith.fr\/wp-content\/uploads\/2021\/08\/pexels-todoran-bogdan-783737-1536x1024.jpg 1536w, https:\/\/y-a-wordsmith.fr\/wp-content\/uploads\/2021\/08\/pexels-todoran-bogdan-783737-2048x1365.jpg 2048w\" sizes=\"(max-width: 2560px) 100vw, 2560px\" \/><div class=\"wp-block-cover__inner-container\">\n<figure class=\"wp-block-pullquote alignwide is-style-default\" style=\"border-color:#8bb789\"><blockquote class=\"has-text-color has-palette-color-4-color\"><p>Le monde est votre bureau<\/p><\/blockquote><\/figure>\n\n\n\n<p><\/p>\n<\/div><\/div>\n\n\n\n<p><\/p>\n","protected":false},"excerpt":{"rendered":"<p>Vous souhaitez devenir r\u00e9dacteur SEO free-lance et \u00eatre \u00e0 votre compte? Voire int\u00e9grer une agence Web et faire valoir vos comp\u00e9tences&nbsp;? Cela ne s&rsquo;improvise pas. Une formation r\u00e9daction web \/ SEO est la premi\u00e8re \u00e9tape vers la r\u00e9alisation de votre projet. Une formation compl\u00e8te de 4 mois pour devenir r\u00e9dacteur Web Y.A Wordsmith vous propose un guide de r\u00e9f\u00e9rence pour vous former \u00e0 distance, et un accompagnement personnalis\u00e9 sur 4 mois pour vous permettre de cr\u00e9er votre statut de r\u00e9dacteur web et d&rsquo;am\u00e9liorer vos comp\u00e9tences r\u00e9dactionnelles. Pour toute souscription \u00e0 notre formation de r\u00e9daction Web, nous vous offrons le guide\u2026<\/p>\n","protected":false},"author":1,"featured_media":0,"parent":0,"menu_order":0,"comment_status":"closed","ping_status":"closed","template":"","meta":{"om_disable_all_campaigns":false,"_monsterinsights_skip_tracking":false,"_monsterinsights_sitenote_active":false,"_monsterinsights_sitenote_note":"","_monsterinsights_sitenote_category":0},"blocksy_meta":{"styles_descriptor":{"styles":{"desktop":"","tablet":"","mobile":""},"google_fonts":[]}},"aioseo_notices":[],"_links":{"self":[{"href":"https:\/\/y-a-wordsmith.fr\/index.php\/wp-json\/wp\/v2\/pages\/74"}],"collection":[{"href":"https:\/\/y-a-wordsmith.fr\/index.php\/wp-json\/wp\/v2\/pages"}],"about":[{"href":"https:\/\/y-a-wordsmith.fr\/index.php\/wp-json\/wp\/v2\/types\/page"}],"author":[{"embeddable":true,"href":"https:\/\/y-a-wordsmith.fr\/index.php\/wp-json\/wp\/v2\/users\/1"}],"replies":[{"embeddable":true,"href":"https:\/\/y-a-wordsmith.fr\/index.php\/wp-json\/wp\/v2\/comments?post=74"}],"version-history":[{"count":52,"href":"https:\/\/y-a-wordsmith.fr\/index.php\/wp-json\/wp\/v2\/pages\/74\/revisions"}],"predecessor-version":[{"id":494,"href":"https:\/\/y-a-wordsmith.fr\/index.php\/wp-json\/wp\/v2\/pages\/74\/revisions\/494"}],"wp:attachment":[{"href":"https:\/\/y-a-wordsmith.fr\/index.php\/wp-json\/wp\/v2\/media?parent=74"}],"curies":[{"name":"wp","href":"https:\/\/api.w.org\/{rel}","templated":true}]}}