{"id":72,"date":"2021-08-03T16:39:44","date_gmt":"2021-08-03T14:39:44","guid":{"rendered":"https:\/\/y-a-wordsmith.fr\/?page_id=72"},"modified":"2021-08-18T00:55:12","modified_gmt":"2021-08-17T22:55:12","slug":"contact","status":"publish","type":"page","link":"https:\/\/y-a-wordsmith.fr\/index.php\/contact\/","title":{"rendered":"Contacter Y.A Wordsmith"},"content":{"rendered":"\n<div class=\"wp-block-cover alignwide\" style=\"min-height:400px\"><img decoding=\"async\" loading=\"lazy\" width=\"2560\" height=\"1707\" class=\"wp-block-cover__image-background wp-image-378\" alt=\"\" src=\"https:\/\/y-a-wordsmith.fr\/wp-content\/uploads\/2021\/08\/pexels-cottonbro-5077047-scaled.jpg\" style=\"object-position:68% 66%\" data-object-fit=\"cover\" data-object-position=\"68% 66%\" srcset=\"https:\/\/y-a-wordsmith.fr\/wp-content\/uploads\/2021\/08\/pexels-cottonbro-5077047-scaled.jpg 2560w, https:\/\/y-a-wordsmith.fr\/wp-content\/uploads\/2021\/08\/pexels-cottonbro-5077047-300x200.jpg 300w, https:\/\/y-a-wordsmith.fr\/wp-content\/uploads\/2021\/08\/pexels-cottonbro-5077047-1024x683.jpg 1024w, https:\/\/y-a-wordsmith.fr\/wp-content\/uploads\/2021\/08\/pexels-cottonbro-5077047-768x512.jpg 768w, https:\/\/y-a-wordsmith.fr\/wp-content\/uploads\/2021\/08\/pexels-cottonbro-5077047-1536x1024.jpg 1536w, https:\/\/y-a-wordsmith.fr\/wp-content\/uploads\/2021\/08\/pexels-cottonbro-5077047-2048x1365.jpg 2048w\" sizes=\"(max-width: 2560px) 100vw, 2560px\" \/><div class=\"wp-block-cover__inner-container\">\n<p class=\"has-text-align-center has-large-font-size\">Contactez-nous par Mail ou par t\u00e9l\u00e9phone, nous vous r\u00e9pondons dans les 48 heures maximum<\/p>\n<\/div><\/div>\n\n\n\n<figure class=\"wp-block-pullquote\" style=\"border-color:#8bb789\"><blockquote><p>Besoin d&rsquo;aide ? Pour toute demande d&rsquo;informations n&rsquo;h\u00e9sitez pas \u00e0 nous envoyer un Email ou nous appeler par t\u00e9l\u00e9phone. Nous vous r\u00e9pondons dans les 48 heures<\/p><\/blockquote><\/figure>\n\n\n\n<p>N&rsquo;h\u00e9sitez pas \u00e0 nous contacter si vous rencontrez un probl\u00e8me avec notre site, ou si vous avec la moindre difficult\u00e9 ou question concernant une commande.<\/p>\n\n\n\n<p>Notre adresse mail : yohannalvino@hotmail.com<\/p>\n\n\n\n<p>Num\u00e9ro de t\u00e9l\u00e9phone : 06 31 59 63 50<\/p>\n\n\n\n<p>Pour nous envoyer un courrier : Y.A Wordsmith, 1 lieu-dit La Chauss\u00e9e, 18240 Sury pr\u00e8s L\u00e9r\u00e9<\/p>\n\n\n\n<p><\/p>\n","protected":false},"excerpt":{"rendered":"<p>Besoin d&rsquo;aide ? Pour toute demande d&rsquo;informations n&rsquo;h\u00e9sitez pas \u00e0 nous envoyer un Email ou nous appeler par t\u00e9l\u00e9phone. Nous vous r\u00e9pondons dans les 48 heures N&rsquo;h\u00e9sitez pas \u00e0 nous contacter si vous rencontrez un probl\u00e8me avec notre site, ou si vous avec la moindre difficult\u00e9 ou question concernant une commande. Notre adresse mail : yohannalvino@hotmail.com Num\u00e9ro de t\u00e9l\u00e9phone : 06 31 59 63 50 Pour nous envoyer un courrier : Y.A Wordsmith, 1 lieu-dit La Chauss\u00e9e, 18240 Sury pr\u00e8s L\u00e9r\u00e9<\/p>\n","protected":false},"author":1,"featured_media":0,"parent":0,"menu_order":0,"comment_status":"closed","ping_status":"closed","template":"","meta":{"om_disable_all_campaigns":false,"_monsterinsights_skip_tracking":false,"_monsterinsights_sitenote_active":false,"_monsterinsights_sitenote_note":"","_monsterinsights_sitenote_category":0},"blocksy_meta":{"styles_descriptor":{"styles":{"desktop":"","tablet":"","mobile":""},"google_fonts":[]}},"aioseo_notices":[],"_links":{"self":[{"href":"https:\/\/y-a-wordsmith.fr\/index.php\/wp-json\/wp\/v2\/pages\/72"}],"collection":[{"href":"https:\/\/y-a-wordsmith.fr\/index.php\/wp-json\/wp\/v2\/pages"}],"about":[{"href":"https:\/\/y-a-wordsmith.fr\/index.php\/wp-json\/wp\/v2\/types\/page"}],"author":[{"embeddable":true,"href":"https:\/\/y-a-wordsmith.fr\/index.php\/wp-json\/wp\/v2\/users\/1"}],"replies":[{"embeddable":true,"href":"https:\/\/y-a-wordsmith.fr\/index.php\/wp-json\/wp\/v2\/comments?post=72"}],"version-history":[{"count":8,"href":"https:\/\/y-a-wordsmith.fr\/index.php\/wp-json\/wp\/v2\/pages\/72\/revisions"}],"predecessor-version":[{"id":391,"href":"https:\/\/y-a-wordsmith.fr\/index.php\/wp-json\/wp\/v2\/pages\/72\/revisions\/391"}],"wp:attachment":[{"href":"https:\/\/y-a-wordsmith.fr\/index.php\/wp-json\/wp\/v2\/media?parent=72"}],"curies":[{"name":"wp","href":"https:\/\/api.w.org\/{rel}","templated":true}]}}