{"id":70,"date":"2021-08-03T16:32:44","date_gmt":"2021-08-03T14:32:44","guid":{"rendered":"https:\/\/y-a-wordsmith.fr\/?page_id=70"},"modified":"2021-08-20T07:53:23","modified_gmt":"2021-08-20T05:53:23","slug":"commander-un-texte-seo-2","status":"publish","type":"page","link":"https:\/\/y-a-wordsmith.fr\/index.php\/commander-un-texte-seo-2\/","title":{"rendered":"Commander un texte SEO sp\u00e9cialis\u00e9"},"content":{"rendered":"\n<div class=\"wp-block-cover has-background-dim-30 has-palette-color-1-background-color has-background-dim\" style=\"min-height:350px\"><img decoding=\"async\" loading=\"lazy\" width=\"1710\" height=\"2560\" class=\"wp-block-cover__image-background wp-image-414\" alt=\"\" src=\"https:\/\/y-a-wordsmith.fr\/wp-content\/uploads\/2021\/08\/pexels-cottonbro-4551320-scaled.jpg\" style=\"object-position:66% 73%\" data-object-fit=\"cover\" data-object-position=\"66% 73%\" srcset=\"https:\/\/y-a-wordsmith.fr\/wp-content\/uploads\/2021\/08\/pexels-cottonbro-4551320-scaled.jpg 1710w, https:\/\/y-a-wordsmith.fr\/wp-content\/uploads\/2021\/08\/pexels-cottonbro-4551320-200x300.jpg 200w, https:\/\/y-a-wordsmith.fr\/wp-content\/uploads\/2021\/08\/pexels-cottonbro-4551320-684x1024.jpg 684w, https:\/\/y-a-wordsmith.fr\/wp-content\/uploads\/2021\/08\/pexels-cottonbro-4551320-768x1150.jpg 768w, https:\/\/y-a-wordsmith.fr\/wp-content\/uploads\/2021\/08\/pexels-cottonbro-4551320-1026x1536.jpg 1026w, https:\/\/y-a-wordsmith.fr\/wp-content\/uploads\/2021\/08\/pexels-cottonbro-4551320-1368x2048.jpg 1368w\" sizes=\"(max-width: 1710px) 100vw, 1710px\" \/><div class=\"wp-block-cover__inner-container\">\n<figure class=\"wp-block-pullquote alignwide\" style=\"border-color:#8bb789\"><blockquote class=\"has-text-color has-palette-color-8-color\"><p>Commander un texte SEO haut de gamme, pour am\u00e9liorer votre visibilit\u00e9 et votre conversion<\/p><\/blockquote><\/figure>\n<\/div><\/div>\n\n\n\n<h2>Pourquoi commander un texte SEO chez Y.A Wordsmith?<\/h2>\n\n\n\n<p>Nous n&rsquo;avons probablement pas \u00e0 vous convaincre de la n\u00e9cessit\u00e9 de proposer du <strong>contenu optimis\u00e9 et sp\u00e9cialis\u00e9<\/strong> sur votre site web. Ce que nous vous proposons c&rsquo;est une <strong>relation de confiance<\/strong>, entre vous et notre \u00e9quipe de r\u00e9dacteurs. Nous sommes \u00e0 votre \u00e9coute pour r\u00e9diger le contenu dont vous avez besoin, en ne perdant jamais de vue <strong>votre int\u00e9r\u00eat et votre auditoire cible<\/strong>.<\/p>\n\n\n\n<h3>Des r\u00e9dacteurs professionnels et exp\u00e9riment\u00e9s au service de votre popularit\u00e9<\/h3>\n\n\n\n<p>Nous ne recrutons que des <strong>r\u00e9dacteurs web exp\u00e9riment\u00e9s<\/strong>, que nous formons ensuite en interne aux techniques plus particuli\u00e8res de la r\u00e9daction pour sites de niche. Toute notre \u00e9quipe est donc rompue \u00e0 l&rsquo;exercice d&rsquo;\u00e9criture \u00e0 destination d&rsquo;un <strong>auditoire tr\u00e8s exigeant<\/strong>, pour qui le moindre d\u00e9faut est un frein \u00e0 l&rsquo;action.<\/p>\n\n\n\n<p>De la technique SEO \u00e0 l&rsquo;analyse cognitive du discours, en passant par le <strong>storytelling<\/strong> et la communication marketing, nous mettons tout en \u0153uvre pour promouvoir votre sp\u00e9cificit\u00e9 au travers de <strong>textes SEO uniques et parfaitement optimis\u00e9s.<\/strong><\/p>\n\n\n\n<h3>Commander un texte SEO dans une autre langue<\/h3>\n\n\n\n<p>Notre \u00e9quipe ma\u00eetrise le fran\u00e7ais, l&rsquo;anglais, le russe et l&rsquo;ukrainien. Nous vous proposons de r\u00e9diger directement vos textes dans ces langues, pour vous permettre de viser un auditoire plus particulier dont nous connaissons les attentes. Si vous disposez d\u00e9j\u00e0 de votre contenu en fran\u00e7ais, vous pouvez tout aussi bien nous le faire parvenir pour une <strong>traduction dans la langue que vous souhaitez<\/strong>. Nous le retravaillerons, surtout au niveau des mots-cl\u00e9s, pour vous garantir la meilleure optimisation.<\/p>\n\n\n\n<h2>Comment commander un texte SEO ?<\/h2>\n\n\n\n<p>Remplissez simplement le formulaire de contact ci-dessous, et renseignez vos coordonn\u00e9es et votre requ\u00eate. Nous revenons vers vous dans les <strong>48 heures<\/strong> pour vous proposer un devis personnalis\u00e9.<\/p>\n\n\n\n<p>Nous facturons nos textes 0,10 euros le mot. Nous ne vous ferons jamais payer pour les mots suppl\u00e9mentaires dans les cas o\u00f9 nous d\u00e9passons le quota demand\u00e9 ( nous ne le d\u00e9passons jamais de plus de 10%).<\/p>\n\n\n\n<p>Pour les grosses commandes, nous vous offrons la <strong>possibilit\u00e9 de payer en plusieurs fois sans frais<\/strong>. Pr\u00e9cisez-nous juste une fois votre devis re\u00e7u, en combien de fois vous souhaitez r\u00e9gler, et nous vous enverrons un lien s\u00e9curis\u00e9 pour le paiement.<\/p>\n\n\n\n<div class=\"is-layout-flex wp-block-buttons is-content-justification-center\">\n<div class=\"wp-block-button\"><a class=\"wp-block-button__link has-background\" href=\"https:\/\/y-a-wordsmith.fr\/index.php\/formulaire-de-commande-de-texte-et-traduction-darticles-seo\/\" style=\"border-radius:50px;background-color:#8bb789\">Commander des textes SEO<\/a><\/div>\n<\/div>\n\n\n\n<figure class=\"wp-block-pullquote\" style=\"border-color:#8bb789\"><blockquote><p>L&rsquo;alliance du SEO et de la communication marketing au service de votre popularit\u00e9<\/p><cite>Y.A Wordsmith<\/cite><\/blockquote><\/figure>\n\n\n\n<p><\/p>\n","protected":false},"excerpt":{"rendered":"<p>Pourquoi commander un texte SEO chez Y.A Wordsmith? Nous n&rsquo;avons probablement pas \u00e0 vous convaincre de la n\u00e9cessit\u00e9 de proposer du contenu optimis\u00e9 et sp\u00e9cialis\u00e9 sur votre site web. Ce que nous vous proposons c&rsquo;est une relation de confiance, entre vous et notre \u00e9quipe de r\u00e9dacteurs. Nous sommes \u00e0 votre \u00e9coute pour r\u00e9diger le contenu dont vous avez besoin, en ne perdant jamais de vue votre int\u00e9r\u00eat et votre auditoire cible. Des r\u00e9dacteurs professionnels et exp\u00e9riment\u00e9s au service de votre popularit\u00e9 Nous ne recrutons que des r\u00e9dacteurs web exp\u00e9riment\u00e9s, que nous formons ensuite en interne aux techniques plus particuli\u00e8res de\u2026<\/p>\n","protected":false},"author":1,"featured_media":0,"parent":0,"menu_order":0,"comment_status":"closed","ping_status":"closed","template":"","meta":{"om_disable_all_campaigns":false,"_monsterinsights_skip_tracking":false,"_monsterinsights_sitenote_active":false,"_monsterinsights_sitenote_note":"","_monsterinsights_sitenote_category":0},"blocksy_meta":{"styles_descriptor":{"styles":{"desktop":"","tablet":"","mobile":""},"google_fonts":[]}},"aioseo_notices":[],"_links":{"self":[{"href":"https:\/\/y-a-wordsmith.fr\/index.php\/wp-json\/wp\/v2\/pages\/70"}],"collection":[{"href":"https:\/\/y-a-wordsmith.fr\/index.php\/wp-json\/wp\/v2\/pages"}],"about":[{"href":"https:\/\/y-a-wordsmith.fr\/index.php\/wp-json\/wp\/v2\/types\/page"}],"author":[{"embeddable":true,"href":"https:\/\/y-a-wordsmith.fr\/index.php\/wp-json\/wp\/v2\/users\/1"}],"replies":[{"embeddable":true,"href":"https:\/\/y-a-wordsmith.fr\/index.php\/wp-json\/wp\/v2\/comments?post=70"}],"version-history":[{"count":13,"href":"https:\/\/y-a-wordsmith.fr\/index.php\/wp-json\/wp\/v2\/pages\/70\/revisions"}],"predecessor-version":[{"id":492,"href":"https:\/\/y-a-wordsmith.fr\/index.php\/wp-json\/wp\/v2\/pages\/70\/revisions\/492"}],"wp:attachment":[{"href":"https:\/\/y-a-wordsmith.fr\/index.php\/wp-json\/wp\/v2\/media?parent=70"}],"curies":[{"name":"wp","href":"https:\/\/api.w.org\/{rel}","templated":true}]}}