{"id":496,"date":"2021-08-23T14:52:19","date_gmt":"2021-08-23T12:52:19","guid":{"rendered":"https:\/\/y-a-wordsmith.fr\/?page_id=496"},"modified":"2021-08-23T23:42:57","modified_gmt":"2021-08-23T21:42:57","slug":"creation-et-gestion-de-blog-de-niche-par-y-a-wordsmith","status":"publish","type":"page","link":"https:\/\/y-a-wordsmith.fr\/index.php\/creation-et-gestion-de-blog-de-niche-par-y-a-wordsmith\/","title":{"rendered":"Service de cr\u00e9ation de blog"},"content":{"rendered":"\n<h1>Cr\u00e9ation d&rsquo;un blog pour faire conna\u00eetre votre univers<\/h1>\n\n\n\n<p>Vous \u00eates d\u00e9cid\u00e9s \u00e0 lancer votre commerce ou votre blog sur Internet mais ne savez pas par o\u00f9 commencer? Vous pouvez nous contacter pour \u00e9tudier avec vous votre projet de cr\u00e9ation de Blog ainsi que son futur contenu.<\/p>\n\n\n\n<h2>Cr\u00e9ation de Blog sous WordPress, rapide, efficace et \u00e9volutif<\/h2>\n\n\n\n<p>Nous cr\u00e9ons la matrice de votre blog de niche sur WordPress, une fois votre nom de domaine et votre h\u00e9bergeur choisi. Cette plateforme nous permet de mettre en place une structure de site simple et fiable, que nous nous chargeons d&rsquo;optimiser et de rendre attractive et ergonomique pour vous et votre auditoire.<\/p>\n\n\n\n<h3>Blog fonctionnel cl\u00e9 en main<\/h3>\n\n\n\n<p>Une fois votre commande pass\u00e9e et valid\u00e9e avec nous par t\u00e9l\u00e9phone ou par mail, nous commen\u00e7ons la conception de votre blog. Nous disposons de tous les outils n\u00e9cessaires sur nos Workstations Linux, y compris logiciels de cr\u00e9ation de logos, de banni\u00e8res, ou d&rsquo;intros vid\u00e9o pour votre site.<\/p>\n\n\n\n<p>La cr\u00e9ation d&rsquo;un Blog est en r\u00e8gle g\u00e9n\u00e9rale factur\u00e9e entre 500 et 700 euros. Le devis sera \u00e9tabli sur votre demande et selon vos crit\u00e8res et besoins. Une fois le devis sign\u00e9, vous avez l&rsquo;assurance qu&rsquo;aucune option ne viendra augmenter le prix a posteriori, car tous les d\u00e9tails sont discut\u00e9s en amont avant la signature, pour une plus grande transparence.<\/p>\n\n\n\n<p>Les blogs de niches que nous cr\u00e9ons r\u00e9pondent \u00e0 plusieurs crit\u00e8res pour am\u00e9liorer leur r\u00e9f\u00e9rencement et leur exp\u00e9rience utilisateur. Premi\u00e8rement ils sont simples dans leur architecture et leur arborescence. Cela permet de simplifier les manipulations et de r\u00e9duire les co\u00fbts d&rsquo;entretien, mais aussi de faciliter la prise en main et la navigation de vos visiteurs. <\/p>\n\n\n\n<p>Ensuite, nous \u00e9vitons la surench\u00e8re de plug-ins inutiles, qui en n\u00e9cessitant de nombreuses mises \u00e0 jour demandent souvent un d\u00e9bogage co\u00fbteux. De plus, en simplifiant l&rsquo;apparence de votre blog, vous r\u00e9duisez l&rsquo;information disponible \u00e0 la portion congrue. Autrement dit vos visiteurs resteront concentr\u00e9s sur les informations int\u00e9ressantes, et ne se perdront pas dans un d\u00e9dale d&rsquo;animations, de menus enchev\u00eatr\u00e9s&#8230;<\/p>\n\n\n\n<p>Enfin, ces animations et plug-ins sont gourmands en ressources, et augmentent donc le temps de chargement de vos pages, nuisant \u00e0 leur r\u00e9f\u00e9rencement et \u00e0 l&rsquo;exp\u00e9rience de l&rsquo;utilisateur.<\/p>\n\n\n\n<figure class=\"wp-block-pullquote\"><blockquote><p>La simplicit\u00e9 et la lisibilit\u00e9 sont la cl\u00e9 d&rsquo;un Blog efficace<\/p><\/blockquote><\/figure>\n\n\n\n<h3>Blog enti\u00e8rement personnalisable<\/h3>\n\n\n\n<p>Lorsque vous nous contactez pour la cr\u00e9ation d&rsquo;un blog, une fois votre devis re\u00e7u, nous discuterons avec vous de vos pr\u00e9f\u00e9rences. Le type de police, les couleurs dominantes, les images \u00e0 afficher, les sections du site qui vous int\u00e9ressent&#8230; Nous ajouterons \u00e0 votre demande les diff\u00e9rentes options du site, comme un syst\u00e8me de paiement ou de commande en ligne. Le but est pour vous d&rsquo;avoir un site d&rsquo;information pour votre commerce qui vous repr\u00e9sente vous et vos valeurs, et de les partager avec votre auditoire. <\/p>\n\n\n\n<h3>Les avantages d&rsquo;un Blog pour votre commerce physique<\/h3>\n\n\n\n<p>Tout d&rsquo;abord vous gagnez en visibilit\u00e9. Les clients habitant la r\u00e9gion et qui ne vous connaissent pas, pourront d\u00e9couvrir votre univers lorsqu&rsquo;ils chercheront votre commerce sur internet. Vous attirerez donc une client\u00e8le nouvelle, pour qui votre boutique \u00e9tait jusqu&rsquo;alors inconnue. En d&rsquo;autres termes, vous devenez concurrentiel.<\/p>\n\n\n\n<h3>Garder le contact avec vos clients et fid\u00e9lisez-les gr\u00e2ce \u00e0 votre blog<\/h3>\n\n\n\n<p>En faisant conna\u00eetre votre site ou votre blog \u00e0 vos clients, par exemple en leur donnant l&rsquo;adresse sur une carte ou en l&rsquo;inscrivant sur le ticket de caisse, vous cr\u00e9ez un lien particulier avec eux. En leur proposant un contenu de qualit\u00e9 et une valeur ajout\u00e9e en ligne gr\u00e2ce \u00e0 votre blog, vous fid\u00e9lisez une part de la client\u00e8le qui se sentira en accord avec vos valeurs. Vous cr\u00e9ez ainsi un lien affectif avec votre boutique, concept important en neuromarketing.<\/p>\n\n\n\n<figure class=\"wp-block-pullquote\"><blockquote><p>Cr\u00e9er un lien affectif avec votre boutique, un concept important de neuromarketing<\/p><\/blockquote><\/figure>\n\n\n\n<h3>L&rsquo;ajout de contenu sur votre blog de niche<\/h3>\n\n\n\n<p>Comme tout blog de niche, il requiert du contenu sp\u00e9cialis\u00e9, et n\u00e9cessite des r\u00e9dacteurs exp\u00e9riment\u00e9s, capables d&rsquo;effectuer les recherches n\u00e9cessaires. Si nous avons accept\u00e9 votre projet de blog, c&rsquo;est que nous sommes capables de traiter le sujet demand\u00e9. Nous vous proposons alors nos services de r\u00e9daction web sp\u00e9cialis\u00e9e pour ajouter r\u00e9guli\u00e8rement du contenu int\u00e9ressant et impactant en ligne.<\/p>\n\n\n\n<p>Nous vous offrons le choix de commander des textes et articles un \u00e0 un, par bouquet, ou de souscrire \u00e0 l&rsquo;offre premium. Celle-ci, sous la forme d&rsquo;un abonnement, vous fait \u00e9conomiser 10% sur le prix des textes SEO. 1000 mots par mois ne vous co\u00fbteront donc plus 100 euros, mais 90. Sur une ann\u00e9e, la diff\u00e9rence est de 120 euros. <\/p>\n\n\n\n<p>Le concept de cet abonnement premium est simple, vous souscrivez pour un nombre de mots par mois, pendant un an, renouvelable tant que vous le souhaitez (et que nos services vous donnent satisfaction). Si vous souhaitez ponctuellement commander plus de textes, nous vous \u00e9tablirons un devis au cas par cas, en tenant toujours compte de votre r\u00e9duction de 10%, qui est due \u00e0 votre statut de client Premium.<\/p>\n\n\n\n<p>En nous confiant la r\u00e9daction de votre blog, votre r\u00f4le se limitera \u00e0 nous envoyer \u00e0 l&rsquo;avance les sujets \u00e0 traiter, et nous vous les livrons au fur et \u00e0 mesure. Facile, rapide, et efficace.<\/p>\n\n\n\n<div class=\"is-layout-flex wp-block-buttons is-content-justification-center\">\n<div class=\"wp-block-button\"><a class=\"wp-block-button__link has-background\" href=\"https:\/\/y-a-wordsmith.fr\/index.php\/formulaire-de-commande-de-texte-et-traduction-darticles-seo\/\" style=\"border-radius:50px;background-color:#8bb789\">Cr\u00e9er un Blog de niche<\/a><\/div>\n<\/div>\n\n\n\n<p><\/p>\n","protected":false},"excerpt":{"rendered":"<p>Cr\u00e9ation d&rsquo;un blog pour faire conna\u00eetre votre univers Vous \u00eates d\u00e9cid\u00e9s \u00e0 lancer votre commerce ou votre blog sur Internet mais ne savez pas par o\u00f9 commencer? Vous pouvez nous contacter pour \u00e9tudier avec vous votre projet de cr\u00e9ation de Blog ainsi que son futur contenu. Cr\u00e9ation de Blog sous WordPress, rapide, efficace et \u00e9volutif Nous cr\u00e9ons la matrice de votre blog de niche sur WordPress, une fois votre nom de domaine et votre h\u00e9bergeur choisi. Cette plateforme nous permet de mettre en place une structure de site simple et fiable, que nous nous chargeons d&rsquo;optimiser et de rendre attractive\u2026<\/p>\n","protected":false},"author":1,"featured_media":0,"parent":0,"menu_order":0,"comment_status":"closed","ping_status":"closed","template":"","meta":{"om_disable_all_campaigns":false,"_monsterinsights_skip_tracking":false,"_monsterinsights_sitenote_active":false,"_monsterinsights_sitenote_note":"","_monsterinsights_sitenote_category":0},"blocksy_meta":{"styles_descriptor":{"styles":{"desktop":"","tablet":"","mobile":""},"google_fonts":[]}},"aioseo_notices":[],"_links":{"self":[{"href":"https:\/\/y-a-wordsmith.fr\/index.php\/wp-json\/wp\/v2\/pages\/496"}],"collection":[{"href":"https:\/\/y-a-wordsmith.fr\/index.php\/wp-json\/wp\/v2\/pages"}],"about":[{"href":"https:\/\/y-a-wordsmith.fr\/index.php\/wp-json\/wp\/v2\/types\/page"}],"author":[{"embeddable":true,"href":"https:\/\/y-a-wordsmith.fr\/index.php\/wp-json\/wp\/v2\/users\/1"}],"replies":[{"embeddable":true,"href":"https:\/\/y-a-wordsmith.fr\/index.php\/wp-json\/wp\/v2\/comments?post=496"}],"version-history":[{"count":3,"href":"https:\/\/y-a-wordsmith.fr\/index.php\/wp-json\/wp\/v2\/pages\/496\/revisions"}],"predecessor-version":[{"id":502,"href":"https:\/\/y-a-wordsmith.fr\/index.php\/wp-json\/wp\/v2\/pages\/496\/revisions\/502"}],"wp:attachment":[{"href":"https:\/\/y-a-wordsmith.fr\/index.php\/wp-json\/wp\/v2\/media?parent=496"}],"curies":[{"name":"wp","href":"https:\/\/api.w.org\/{rel}","templated":true}]}}