{"id":407,"date":"2021-08-18T15:16:56","date_gmt":"2021-08-18T13:16:56","guid":{"rendered":"https:\/\/y-a-wordsmith.fr\/?page_id=407"},"modified":"2021-08-18T19:44:25","modified_gmt":"2021-08-18T17:44:25","slug":"formulaire-de-commande-de-texte-et-traduction-darticles-seo","status":"publish","type":"page","link":"https:\/\/y-a-wordsmith.fr\/index.php\/formulaire-de-commande-de-texte-et-traduction-darticles-seo\/","title":{"rendered":"Formulaire de commande de texte et traduction d&rsquo;articles SEO"},"content":{"rendered":"<div class=\"forminator-ui forminator-custom-form forminator-custom-form-310 forminator-design--default forminator-enclosed forminator_ajax\" data-forminator-render=\"0\" data-form=\"forminator-module-310\" data-uid=\"69fb463542154\"><br\/><\/div><form\n\t\t\t\tid=\"forminator-module-310\"\n\t\t\t\tclass=\"forminator-ui forminator-custom-form forminator-custom-form-310 forminator-design--default forminator-enclosed forminator_ajax\"\n\t\t\t\tmethod=\"post\"\n\t\t\t\tdata-forminator-render=\"0\"\n\t\t\t\tdata-form-id=\"310\"\n\t\t\t\t\n\t\t\t\tdata-design=\"default\"\n\t\t\t\t\n\t\t\t\t\n\t\t\t\t\n\t\t\t\tdata-grid=\"enclosed\"\n\t\t\t\t\n\t\t\t\t\n\t\t\t\tstyle=\"display: none;\"\n\t\t\t\t\n\t\t\t\tdata-uid=\"69fb463542154\"\n\t\t\t><div role=\"alert\" aria-live=\"polite\" class=\"forminator-response-message forminator-error\" aria-hidden=\"true\"><\/div><div class=\"forminator-row\"><div id=\"checkbox-1\" class=\"forminator-field-checkbox forminator-col forminator-col-12 \"><div role=\"group\" class=\"forminator-field\" aria-labelledby=\"forminator-checkbox-group-69fb463542154-label\"><span id=\"forminator-checkbox-group-69fb463542154-label\" class=\"forminator-label\">Services<\/span><label id=\"forminator-field-checkbox-1-1-69fb463542154-label\" for=\"forminator-field-checkbox-1-1-69fb463542154\" class=\"forminator-checkbox\" title=\"Textes SEO \u00e0 l&#039;unit\u00e9\"><input type=\"checkbox\" name=\"checkbox-1[]\" value=\"textes-seo-lunit\" id=\"forminator-field-checkbox-1-1-69fb463542154\" aria-labelledby=\"forminator-field-checkbox-1-1-69fb463542154-label\" data-calculation=\"0\"  \/><span class=\"forminator-checkbox-box\" aria-hidden=\"true\"><\/span><span class=\"forminator-checkbox-label\">Textes SEO \u00e0 l'unit\u00e9<\/span><\/label><label id=\"forminator-field-checkbox-1-2-69fb463542154-label\" for=\"forminator-field-checkbox-1-2-69fb463542154\" class=\"forminator-checkbox\" title=\"Bouquet de textes SEO pour un projet complet\"><input type=\"checkbox\" name=\"checkbox-1[]\" value=\"bouquet-de-textes-seo-pour-un-projet-complet\" id=\"forminator-field-checkbox-1-2-69fb463542154\" aria-labelledby=\"forminator-field-checkbox-1-2-69fb463542154-label\" data-calculation=\"0\"  \/><span class=\"forminator-checkbox-box\" aria-hidden=\"true\"><\/span><span class=\"forminator-checkbox-label\">Bouquet de textes SEO pour un projet complet<\/span><\/label><label id=\"forminator-field-checkbox-1-3-69fb463542154-label\" for=\"forminator-field-checkbox-1-3-69fb463542154\" class=\"forminator-checkbox\" title=\"Nous confier la r\u00e9daction r\u00e9guli\u00e8re de votre Blog\"><input type=\"checkbox\" name=\"checkbox-1[]\" value=\"nous-confier-la-rdaction-rgulire-de-votre-blog\" id=\"forminator-field-checkbox-1-3-69fb463542154\" aria-labelledby=\"forminator-field-checkbox-1-3-69fb463542154-label\" data-calculation=\"0\"  \/><span class=\"forminator-checkbox-box\" aria-hidden=\"true\"><\/span><span class=\"forminator-checkbox-label\">Nous confier la r\u00e9daction r\u00e9guli\u00e8re de votre Blog<\/span><\/label><label id=\"forminator-field-checkbox-1-4-69fb463542154-label\" for=\"forminator-field-checkbox-1-4-69fb463542154\" class=\"forminator-checkbox\" title=\"Demander une traduction SEO (anglais, fran\u00e7ais, russe, ukrainien)\"><input type=\"checkbox\" name=\"checkbox-1[]\" value=\"demander-une-traduction-seo-anglais-franais-russe-ukrainien\" id=\"forminator-field-checkbox-1-4-69fb463542154\" aria-labelledby=\"forminator-field-checkbox-1-4-69fb463542154-label\" data-calculation=\"0\"  \/><span class=\"forminator-checkbox-box\" aria-hidden=\"true\"><\/span><span class=\"forminator-checkbox-label\">Demander une traduction SEO (anglais, fran\u00e7ais, russe, ukrainien)<\/span><\/label><label id=\"forminator-field-checkbox-1-5-69fb463542154-label\" for=\"forminator-field-checkbox-1-5-69fb463542154\" class=\"forminator-checkbox\" title=\"Cr\u00e9ation d&#039;un Blog\"><input type=\"checkbox\" name=\"checkbox-1[]\" value=\"cration-dun-blog\" id=\"forminator-field-checkbox-1-5-69fb463542154\" aria-labelledby=\"forminator-field-checkbox-1-5-69fb463542154-label\" data-calculation=\"0\"  \/><span class=\"forminator-checkbox-box\" aria-hidden=\"true\"><\/span><span class=\"forminator-checkbox-label\">Cr\u00e9ation d'un Blog<\/span><\/label><\/div><\/div><\/div><div class=\"forminator-row\"><div id=\"textarea-1\" class=\"forminator-field-textarea forminator-col forminator-col-12 \"><div class=\"forminator-field\"><label for=\"forminator-field-textarea-1_69fb463542154\" id=\"forminator-field-textarea-1_69fb463542154-label\" class=\"forminator-label\">Expliquez votre demande clairement, nous vous r\u00e9pondons dans les 48h <span class=\"forminator-required\">*<\/span><\/label><textarea name=\"textarea-1\" placeholder=\"0\" id=\"forminator-field-textarea-1_69fb463542154\" class=\"forminator-textarea\" rows=\"6\" style=\"min-height:140px;\" ><\/textarea><span id=\"forminator-field-textarea-1_69fb463542154-description\" class=\"forminator-description\"><span data-limit=\"300\" data-type=\"words\">0 \/ 300<\/span><\/span><\/div><\/div><\/div><div class=\"forminator-row\"><div id=\"name-1\" class=\"forminator-field-name forminator-col forminator-col-12 \"><div class=\"forminator-row forminator-no-margin\" data-multiple=\"true\"><div class=\"forminator-col forminator-col-md-6\"><div class=\"forminator-field\"><label for=\"forminator-field-310__field--name-1_69fb463542154\" id=\"forminator-field-310__field--name-1_69fb463542154-label\" class=\"forminator-label\">Pr\u00e9fixe<\/label><select name=\"name-1-prefix\" id=\"forminator-field-310__field--name-1_69fb463542154\" class=\"forminator-select2\" data-multi=\"1\" aria-labelledby=\"forminator-field-310__field--name-1_69fb463542154-label\" data-default-value=\"\"><option value=\"Mr\" >M.<\/option><option value=\"Mrs\" >Mme<\/option><option value=\"Ms\" >Mme<\/option><option value=\"Mx\" >Mx<\/option><option value=\"Miss\" >Mlle<\/option><option value=\"Dr\" >Dr.<\/option><option value=\"Prof\" >Prof.<\/option><\/select><\/div><\/div><div class=\"forminator-col forminator-col-md-6\"><div class=\"forminator-field\"><label for=\"forminator-field-first-name-1_69fb463542154\" id=\"forminator-field-first-name-1_69fb463542154-label\" class=\"forminator-label\">Pr\u00e9nom <span class=\"forminator-required\">*<\/span><\/label><input type=\"text\" name=\"name-1-first-name\" placeholder=\"E.g. John\" id=\"forminator-field-first-name-1_69fb463542154\" class=\"forminator-input\" aria-required=\"true\" data-multi=\"1\" value=\"\" \/><\/div><\/div><div class=\"forminator-col forminator-col-md-6\"><div class=\"forminator-field\"><label for=\"forminator-field-middle-name-1_69fb463542154\" id=\"forminator-field-middle-name-1_69fb463542154-label\" class=\"forminator-label\">Deuxi\u00e8me pr\u00e9nom<\/label><input type=\"text\" name=\"name-1-middle-name\" placeholder=\"E.g. Smith\" id=\"forminator-field-middle-name-1_69fb463542154\" class=\"forminator-input\" aria-required=\"false\" data-multi=\"1\" value=\"\" \/><\/div><\/div><div class=\"forminator-col forminator-col-md-6\"><div class=\"forminator-field\"><label for=\"forminator-field-last-name-1_69fb463542154\" id=\"forminator-field-last-name-1_69fb463542154-label\" class=\"forminator-label\">Nom de famille <span class=\"forminator-required\">*<\/span><\/label><input type=\"text\" name=\"name-1-last-name\" placeholder=\"E.g. Doe\" id=\"forminator-field-last-name-1_69fb463542154\" class=\"forminator-input\" aria-required=\"true\" data-multi=\"1\" value=\"\" \/><\/div><\/div><\/div><\/div><\/div><div class=\"forminator-row\"><div id=\"email-1\" class=\"forminator-field-email forminator-col forminator-col-12 \"><div class=\"forminator-field\"><label for=\"forminator-field-email-1_69fb463542154\" id=\"forminator-field-email-1_69fb463542154-label\" class=\"forminator-label\">Adresse de messagerie <span class=\"forminator-required\">*<\/span><\/label><input type=\"email\" name=\"email-1\" value=\"\" placeholder=\"E.g. john@doe.com\" id=\"forminator-field-email-1_69fb463542154\" class=\"forminator-input forminator-email--field\" data-required=\"true\" aria-required=\"true\" \/><\/div><\/div><\/div><div class=\"forminator-row\"><div id=\"phone-1\" class=\"forminator-field-phone forminator-col forminator-col-12 \"><div class=\"forminator-field\"><label for=\"forminator-field-phone-1_69fb463542154\" id=\"forminator-field-phone-1_69fb463542154-label\" class=\"forminator-label\">Num\u00e9ro de t\u00e9l\u00e9phone <span class=\"forminator-required\">*<\/span><\/label><input type=\"text\" name=\"phone-1\" value=\"\" placeholder=\"E.g. +1 3004005000\" id=\"forminator-field-phone-1_69fb463542154\" class=\"forminator-input forminator-field--phone\" data-required=\"1\" aria-required=\"true\" autocomplete=\"off\" data-validation=\"1\" \/><\/div><\/div><\/div><input type=\"hidden\" name=\"referer_url\" value=\"\" \/><div class=\"forminator-row forminator-row-last\"><div class=\"forminator-col\"><div class=\"forminator-field\"><button class=\"forminator-button forminator-button-submit\">Confirmer la demande de devis<\/button><\/div><\/div><\/div><input type=\"hidden\" id=\"forminator_nonce\" name=\"forminator_nonce\" value=\"502d4123f3\" \/><input type=\"hidden\" name=\"_wp_http_referer\" value=\"\/index.php\/wp-json\/wp\/v2\/pages\/407\" \/><input type=\"hidden\" name=\"form_id\" value=\"310\"><input type=\"hidden\" name=\"page_id\" value=\"407\"><input type=\"hidden\" name=\"form_type\" value=\"default\"><input type=\"hidden\" name=\"current_url\" value=\"https:\/\/y-a-wordsmith.fr\/index.php\/formulaire-de-commande-de-texte-et-traduction-darticles-seo\/\"><input type=\"hidden\" name=\"render_id\" value=\"0\"><input type=\"hidden\" name=\"action\" value=\"forminator_submit_form_custom-forms\"><\/form>\n","protected":false},"excerpt":{"rendered":"","protected":false},"author":1,"featured_media":0,"parent":0,"menu_order":0,"comment_status":"closed","ping_status":"closed","template":"","meta":{"om_disable_all_campaigns":false,"_monsterinsights_skip_tracking":false,"_monsterinsights_sitenote_active":false,"_monsterinsights_sitenote_note":"","_monsterinsights_sitenote_category":0},"blocksy_meta":{"styles_descriptor":{"styles":{"desktop":"","tablet":"","mobile":""},"google_fonts":[]}},"aioseo_notices":[],"_links":{"self":[{"href":"https:\/\/y-a-wordsmith.fr\/index.php\/wp-json\/wp\/v2\/pages\/407"}],"collection":[{"href":"https:\/\/y-a-wordsmith.fr\/index.php\/wp-json\/wp\/v2\/pages"}],"about":[{"href":"https:\/\/y-a-wordsmith.fr\/index.php\/wp-json\/wp\/v2\/types\/page"}],"author":[{"embeddable":true,"href":"https:\/\/y-a-wordsmith.fr\/index.php\/wp-json\/wp\/v2\/users\/1"}],"replies":[{"embeddable":true,"href":"https:\/\/y-a-wordsmith.fr\/index.php\/wp-json\/wp\/v2\/comments?post=407"}],"version-history":[{"count":1,"href":"https:\/\/y-a-wordsmith.fr\/index.php\/wp-json\/wp\/v2\/pages\/407\/revisions"}],"predecessor-version":[{"id":408,"href":"https:\/\/y-a-wordsmith.fr\/index.php\/wp-json\/wp\/v2\/pages\/407\/revisions\/408"}],"wp:attachment":[{"href":"https:\/\/y-a-wordsmith.fr\/index.php\/wp-json\/wp\/v2\/media?parent=407"}],"curies":[{"name":"wp","href":"https:\/\/api.w.org\/{rel}","templated":true}]}}