{"id":335,"date":"2021-08-17T23:14:10","date_gmt":"2021-08-17T21:14:10","guid":{"rendered":"https:\/\/y-a-wordsmith.fr\/?page_id=335"},"modified":"2021-08-18T20:12:49","modified_gmt":"2021-08-18T18:12:49","slug":"alimenter-regulierement-un-blog","status":"publish","type":"page","link":"https:\/\/y-a-wordsmith.fr\/index.php\/alimenter-regulierement-un-blog\/","title":{"rendered":"Alimenter r\u00e9guli\u00e8rmenent un blog de niche"},"content":{"rendered":"\n<div class=\"wp-block-cover has-background-dim-20 has-background-dim\" style=\"min-height:400px\"><img decoding=\"async\" loading=\"lazy\" width=\"2560\" height=\"1702\" class=\"wp-block-cover__image-background wp-image-432\" alt=\"\" src=\"https:\/\/y-a-wordsmith.fr\/wp-content\/uploads\/2021\/08\/pexels-miguel-a-padrinan-1591056-scaled.jpg\" data-object-fit=\"cover\" srcset=\"https:\/\/y-a-wordsmith.fr\/wp-content\/uploads\/2021\/08\/pexels-miguel-a-padrinan-1591056-scaled.jpg 2560w, https:\/\/y-a-wordsmith.fr\/wp-content\/uploads\/2021\/08\/pexels-miguel-a-padrinan-1591056-300x199.jpg 300w, https:\/\/y-a-wordsmith.fr\/wp-content\/uploads\/2021\/08\/pexels-miguel-a-padrinan-1591056-1024x681.jpg 1024w, https:\/\/y-a-wordsmith.fr\/wp-content\/uploads\/2021\/08\/pexels-miguel-a-padrinan-1591056-768x511.jpg 768w, https:\/\/y-a-wordsmith.fr\/wp-content\/uploads\/2021\/08\/pexels-miguel-a-padrinan-1591056-1536x1021.jpg 1536w, https:\/\/y-a-wordsmith.fr\/wp-content\/uploads\/2021\/08\/pexels-miguel-a-padrinan-1591056-2048x1362.jpg 2048w\" sizes=\"(max-width: 2560px) 100vw, 2560px\" \/><div class=\"wp-block-cover__inner-container\">\n<figure class=\"wp-block-pullquote alignwide\" style=\"border-color:#8bb789\"><blockquote class=\"has-text-color has-palette-color-8-color\"><p>Faites-nous confiance pour alimenter r\u00e9guli\u00e8rement un blog de niche, pour votre boutique ou votre site web.<\/p><\/blockquote><\/figure>\n<\/div><\/div>\n\n\n\n<h2>Avoir un blog sur votre site web ou votre boutique est un outil de visibilit\u00e9 imparable.<\/h2>\n\n\n\n<h3>Pourquoi cr\u00e9e un blog sur un site professionnel ou une boutique en ligne?<\/h3>\n\n\n\n<p>Tout simplement parce qu<strong>\u2019alimenter r\u00e9guli\u00e8rement un blog<\/strong> en contenu unique et optimis\u00e9, montre aux moteurs de recherches et \u00e0 vos clients que vous \u00eates actifs. L&rsquo;ajout de nouveau contenu est en effet un crit\u00e8re de r\u00e9f\u00e9rencement, en plus d&rsquo;\u00eatre un atout pour l&rsquo;<strong>exp\u00e9rience utilisateur<\/strong> de vos visiteurs. Pour eux, visiter le blog d&rsquo;une boutique de luxe est l&rsquo;\u00e9quivalent de faire du l\u00eache-vitrine. C&rsquo;est une balade dans votre \u00e9choppe, durant laquelle il peut <strong>se familiariser avec votre monde<\/strong> et d\u00e9couvrir vos produits et vos valeurs.<\/p>\n\n\n\n<h3>Les avantages de cr\u00e9er et d&rsquo;alimenter r\u00e9guli\u00e8rement un blog pour une boutique de luxe<\/h3>\n\n\n\n<p>Comme nous l&rsquo;avons dit, l&rsquo;ajout r\u00e9gulier de contenu est un <strong>atout pour votre r\u00e9f\u00e9rencement<\/strong>. Mais lorsque l&rsquo;on parle de boutique ou de maison luxueuses, comme la haute couture, ou la parfumerie, les nouveaux produits tardent \u00e0 appara\u00eetre. C&rsquo;est en effet le corollaire des sites de niches que de ne pas pouvoir proposer constamment aux visiteurs de nouveaux produits. R\u00e9sultat, le contenu du site stagne aux yeux des moteurs de recherche.<\/p>\n\n\n\n<p>Plus important, les visiteurs n&rsquo;ayant pas \u00e9t\u00e9 s\u00e9duits par leur premi\u00e8re visite ne trouvent pas de <strong>raison de revenir<\/strong>. <\/p>\n\n\n\n<p>Pour rem\u00e9dier \u00e0 cela, il peut \u00eatre judicieux de <strong>cr\u00e9er une partie Blog sur votre site<\/strong>. Celle-ci proposera des articles uniques et de qualit\u00e9 sur des sujets proches de votre domaine, pour constamment offrir du nouveau contenu aux yeux des moteurs de recherche et de votre auditoire. Votre r\u00e9f\u00e9rencement s&rsquo;en trouve am\u00e9lior\u00e9, votre taux de visite \u00e9galement, et pour finir vous <strong>fid\u00e9lisez votre audience \u00e0 une visite r\u00e9guli\u00e8re<\/strong>.<\/p>\n\n\n\n<div class=\"wp-block-cover has-background-dim-30 has-background-dim\" style=\"min-height:400px\"><img decoding=\"async\" loading=\"lazy\" width=\"2560\" height=\"1707\" class=\"wp-block-cover__image-background wp-image-438\" alt=\"\" src=\"https:\/\/y-a-wordsmith.fr\/wp-content\/uploads\/2021\/08\/pexels-andrea-piacquadio-972995-scaled.jpg\" style=\"object-position:52% 100%\" data-object-fit=\"cover\" data-object-position=\"52% 100%\" srcset=\"https:\/\/y-a-wordsmith.fr\/wp-content\/uploads\/2021\/08\/pexels-andrea-piacquadio-972995-scaled.jpg 2560w, https:\/\/y-a-wordsmith.fr\/wp-content\/uploads\/2021\/08\/pexels-andrea-piacquadio-972995-300x200.jpg 300w, https:\/\/y-a-wordsmith.fr\/wp-content\/uploads\/2021\/08\/pexels-andrea-piacquadio-972995-1024x683.jpg 1024w, https:\/\/y-a-wordsmith.fr\/wp-content\/uploads\/2021\/08\/pexels-andrea-piacquadio-972995-768x512.jpg 768w, https:\/\/y-a-wordsmith.fr\/wp-content\/uploads\/2021\/08\/pexels-andrea-piacquadio-972995-1536x1024.jpg 1536w, https:\/\/y-a-wordsmith.fr\/wp-content\/uploads\/2021\/08\/pexels-andrea-piacquadio-972995-2048x1365.jpg 2048w\" sizes=\"(max-width: 2560px) 100vw, 2560px\" \/><div class=\"wp-block-cover__inner-container\">\n<figure class=\"wp-block-pullquote alignwide\" style=\"border-color:#8bb789\"><blockquote class=\"has-text-color has-palette-color-8-color\"><p>Cr\u00e9er un blog sur une boutique de luxe, c&rsquo;est permettre au visiteur de se familiariser avec votre univers.<\/p><cite>Y.A Wordsmith<\/cite><\/blockquote><\/figure>\n<\/div><\/div>\n\n\n\n<h2>Confiez-nous la r\u00e9daction et la tenue de votre blog<\/h2>\n\n\n\n<p>Vous \u00eates d\u00e9cid\u00e9 \u00e0 cr\u00e9er un blog sur votre boutique en ligne? Confiez-nous sa r\u00e9daction et sa tenue r\u00e9guli\u00e8re.<\/p>\n\n\n\n<p>Contactez-nous pour que nous discutions ensemble de l&rsquo;orientation de votre blog et des sujets que vous aimeriez aborder, et laissez-nous nous occuper du reste. Que ce soit sur la base d&rsquo;un <strong>article hebdomadaire ou mensuel<\/strong>, voire plus, choisissez la fr\u00e9quence \u00e0 laquelle vous souhaitez \u00eatre livr\u00e9, et nous vous garantissons un <strong>contenu unique et parfaitement adapt\u00e9<\/strong> \u00e0 votre site. <\/p>\n\n\n\n<p>En effet nous sommes sp\u00e9cialis\u00e9s dans la <strong>r\u00e9daction d&rsquo;articles de niche<\/strong>, et sommes donc tout \u00e0 fait comp\u00e9tents pour \u00e9crire sur des sujets tournant autour de votre domaine. Que ce soit la parfumerie, la haute couture, la bijouterie&#8230; Nous effectuons les recherches n\u00e9cessaires et vous d\u00e9livrons des articles de blog de grande qualit\u00e9, uniques, et <strong>hautement sp\u00e9cialis\u00e9s<\/strong>.<\/p>\n\n\n\n<figure class=\"wp-block-pullquote\" style=\"border-color:#8bb789\"><blockquote><p>Du contenu r\u00e9gulier et hautement sp\u00e9cialis\u00e9 pour votre blog<\/p><cite>Y.A Wordsmith<\/cite><\/blockquote><\/figure>\n\n\n\n<p>Nous facturons les articles de la m\u00eame mani\u00e8re que nos textes SEO de base, \u00e0 savoir 0,10 euros par mot. Pour une plus grande facilit\u00e9 de gestion, nous pouvons vous proposer un r\u00e8glement sous la forme d&rsquo;un <strong>abonnement mensuel<\/strong>.<\/p>\n\n\n\n<div class=\"is-layout-flex wp-block-buttons is-content-justification-center\">\n<div class=\"wp-block-button\"><a class=\"wp-block-button__link has-background\" href=\"https:\/\/y-a-wordsmith.fr\/index.php\/formulaire-de-commande-de-texte-et-traduction-darticles-seo\/\" style=\"border-radius:49px;background-color:#8bb789\">Commander du contenu r\u00e9gulier pour votre blog de niche<\/a><\/div>\n<\/div>\n\n\n\n<p><a href=\"https:\/\/y-a-wordsmith.fr\/index.php\/confiez-nous-la-gestion-de-votre-blog\/\">Voir la page<\/a><\/p>\n","protected":false},"excerpt":{"rendered":"<p>Avoir un blog sur votre site web ou votre boutique est un outil de visibilit\u00e9 imparable. Pourquoi cr\u00e9e un blog sur un site professionnel ou une boutique en ligne? Tout simplement parce qu\u2019alimenter r\u00e9guli\u00e8rement un blog en contenu unique et optimis\u00e9, montre aux moteurs de recherches et \u00e0 vos clients que vous \u00eates actifs. L&rsquo;ajout de nouveau contenu est en effet un crit\u00e8re de r\u00e9f\u00e9rencement, en plus d&rsquo;\u00eatre un atout pour l&rsquo;exp\u00e9rience utilisateur de vos visiteurs. Pour eux, visiter le blog d&rsquo;une boutique de luxe est l&rsquo;\u00e9quivalent de faire du l\u00eache-vitrine. C&rsquo;est une balade dans votre \u00e9choppe, durant laquelle il\u2026<\/p>\n","protected":false},"author":1,"featured_media":0,"parent":0,"menu_order":0,"comment_status":"closed","ping_status":"closed","template":"","meta":{"om_disable_all_campaigns":false,"_monsterinsights_skip_tracking":false,"_monsterinsights_sitenote_active":false,"_monsterinsights_sitenote_note":"","_monsterinsights_sitenote_category":0},"blocksy_meta":{"styles_descriptor":{"styles":{"desktop":"","tablet":"","mobile":""},"google_fonts":[]}},"aioseo_notices":[],"_links":{"self":[{"href":"https:\/\/y-a-wordsmith.fr\/index.php\/wp-json\/wp\/v2\/pages\/335"}],"collection":[{"href":"https:\/\/y-a-wordsmith.fr\/index.php\/wp-json\/wp\/v2\/pages"}],"about":[{"href":"https:\/\/y-a-wordsmith.fr\/index.php\/wp-json\/wp\/v2\/types\/page"}],"author":[{"embeddable":true,"href":"https:\/\/y-a-wordsmith.fr\/index.php\/wp-json\/wp\/v2\/users\/1"}],"replies":[{"embeddable":true,"href":"https:\/\/y-a-wordsmith.fr\/index.php\/wp-json\/wp\/v2\/comments?post=335"}],"version-history":[{"count":15,"href":"https:\/\/y-a-wordsmith.fr\/index.php\/wp-json\/wp\/v2\/pages\/335\/revisions"}],"predecessor-version":[{"id":525,"href":"https:\/\/y-a-wordsmith.fr\/index.php\/wp-json\/wp\/v2\/pages\/335\/revisions\/525"}],"wp:attachment":[{"href":"https:\/\/y-a-wordsmith.fr\/index.php\/wp-json\/wp\/v2\/media?parent=335"}],"curies":[{"name":"wp","href":"https:\/\/api.w.org\/{rel}","templated":true}]}}