{"id":333,"date":"2021-08-17T23:13:17","date_gmt":"2021-08-17T21:13:17","guid":{"rendered":"https:\/\/y-a-wordsmith.fr\/?page_id=333"},"modified":"2021-08-18T18:03:00","modified_gmt":"2021-08-18T16:03:00","slug":"mondialisez-votre-audience-traductions-optimisees-darticles-seo","status":"publish","type":"page","link":"https:\/\/y-a-wordsmith.fr\/index.php\/mondialisez-votre-audience-traductions-optimisees-darticles-seo\/","title":{"rendered":"Commandez une traduction d&rsquo;articles SEO sp\u00e9cialis\u00e9s"},"content":{"rendered":"\n<div class=\"wp-block-cover has-background-dim\" style=\"min-height:400px\"><img decoding=\"async\" loading=\"lazy\" width=\"1913\" height=\"940\" class=\"wp-block-cover__image-background wp-image-395\" alt=\"\" src=\"https:\/\/y-a-wordsmith.fr\/wp-content\/uploads\/2021\/08\/pexels-andrea-piacquadio-3769146-scaled-e1629288850733.jpg\" style=\"object-position:58% 100%\" data-object-fit=\"cover\" data-object-position=\"58% 100%\" srcset=\"https:\/\/y-a-wordsmith.fr\/wp-content\/uploads\/2021\/08\/pexels-andrea-piacquadio-3769146-scaled-e1629288850733.jpg 1913w, https:\/\/y-a-wordsmith.fr\/wp-content\/uploads\/2021\/08\/pexels-andrea-piacquadio-3769146-scaled-e1629288850733-300x147.jpg 300w, https:\/\/y-a-wordsmith.fr\/wp-content\/uploads\/2021\/08\/pexels-andrea-piacquadio-3769146-scaled-e1629288850733-1024x503.jpg 1024w, https:\/\/y-a-wordsmith.fr\/wp-content\/uploads\/2021\/08\/pexels-andrea-piacquadio-3769146-scaled-e1629288850733-768x377.jpg 768w, https:\/\/y-a-wordsmith.fr\/wp-content\/uploads\/2021\/08\/pexels-andrea-piacquadio-3769146-scaled-e1629288850733-1536x755.jpg 1536w\" sizes=\"(max-width: 1913px) 100vw, 1913px\" \/><div class=\"wp-block-cover__inner-container\">\n<figure class=\"wp-block-pullquote alignwide\" style=\"border-color:#8bb789\"><blockquote class=\"has-text-color has-palette-color-8-color\"><p>Mondialisez votre audience gr\u00e2ce \u00e0 des traductions optimis\u00e9es SEO<\/p><\/blockquote><\/figure>\n\n\n\n<p><\/p>\n<\/div><\/div>\n\n\n\n<h2>Des traductions professionnelles, retravaill\u00e9es pour le SEO<\/h2>\n\n\n\n<p>Gr\u00e2ce \u00e0 Internet, votre auditoire et votre potentielle client\u00e8le ne se limitent pas au monde francophone. C&rsquo;est pourquoi de plus en plus de grandes entreprises et de boutiques font le choix de proposer du contenu en ligne dans diff\u00e9rentes langues. Structure du site, fiches descriptives des produits, articles de blog&#8230; Proposer du contenu SEO en anglais sur votre site web permet de multiplier par 100 votre visibilit\u00e9, et par l\u00e0 votre potentielle client\u00e8le. <\/p>\n\n\n\n<p>Certains produits de luxe fran\u00e7ais poss\u00e8dent un fort potentiel au regard des march\u00e9s \u00e9trangers. Mais leur popularit\u00e9 est bien souvent limit\u00e9e par la visibilit\u00e9 du site web francophone. Une traduction int\u00e9grale du contenu du site, avec un travail particulier sur la transcription des mots-cl\u00e9s, permet dans la majorit\u00e9 des cas de faire d\u00e9coller sa popularit\u00e9. <\/p>\n\n\n\n<p><\/p>\n\n\n\n<h3>Traducteurs et interpr\u00e8tes professionnels<\/h3>\n\n\n\n<p>Chez Y.A Wordsmith, nous ne nous contentons pas de traduire automatiquement les articles que vous nous confiez. Notre \u00e9quipe ma\u00eetrise l&rsquo;anglais, le fran\u00e7ais, mais aussi le russe et l&rsquo;ukrainien. Nous ne proposons donc pas une traduction d&rsquo;articles SEO mot \u00e0 mot, mais un v\u00e9ritable travail de traduction et d&rsquo;interpr\u00e9tariat professionnel, pour satisfaire une client\u00e8le de luxe.<\/p>\n\n\n\n<h3>Des mots-cl\u00e9s retravaill\u00e9s selon la langue cible<\/h3>\n\n\n\n<p>La traduction d&rsquo;un article SEO est un exercice difficile. Cela implique en effet de transposer les mots-cl\u00e9s dans une autre langue, dans laquelle ils ne sont pas forc\u00e9ment aussi comp\u00e9titifs. Pour cela, avant de commencer notre travail de traduction, nous mettons en lumi\u00e8re les mots-cl\u00e9s du texte pour en chercher les \u00e9quivalents dans la langue cible. Cela permet d&rsquo;obtenir un texte unique et parfaitement optimis\u00e9 pour une audience non francophone. <\/p>\n\n\n\n<h3>Respect du niveau de langage original lors de la traduction d&rsquo;articles SEO<\/h3>\n\n\n\n<p>La derni\u00e8re grande diff\u00e9rence que vous remarquerez en faisant appel \u00e0 nos services pour vos traductions d&rsquo;articles SEO, ce sont nos efforts pour conserver dans le texte final le niveau de langage de l&rsquo;original. C&rsquo;est un r\u00e9sultat impossible \u00e0 obtenir avec un traducteur automatique. Seul un interpr\u00e8te qualifi\u00e9 ma\u00eetrisant parfaitement la langue pourra retranscrire le discours initial pour en garder le m\u00eame effet sur l&rsquo;auditoire cibl\u00e9. <\/p>\n\n\n\n<p>Pour ce faire, nous \u00e9tudions l&rsquo;article selon une m\u00e9thode dite d'\u00a0\u00bbanalyse cognitive\u00a0\u00bb, qui implique une certaine subjectivit\u00e9 et une grande connaissance de l&rsquo;auditoire vis\u00e9 et de ses attentes.<\/p>\n\n\n\n<figure class=\"wp-block-pullquote\" style=\"border-color:#8bb789\"><blockquote><p>Contactez-nous et confiez-nous vos articles SEO \u00e0 traduire, pour \u00e9largir votre audience au monde entier<\/p><cite>Y.A Wordsmith<\/cite><\/blockquote><\/figure>\n\n\n\n<div class=\"is-layout-flex wp-block-buttons is-content-justification-center\">\n<div class=\"wp-block-button\"><a class=\"wp-block-button__link has-background\" href=\"https:\/\/y-a-wordsmith.fr\/index.php\/formulaire-de-commande-de-texte-et-traduction-darticles-seo\/\" style=\"border-radius:50px;background-color:#8bb789\">Commander une traduction d&rsquo;articles SEO<\/a><\/div>\n<\/div>\n","protected":false},"excerpt":{"rendered":"<p>Des traductions professionnelles, retravaill\u00e9es pour le SEO Gr\u00e2ce \u00e0 Internet, votre auditoire et votre potentielle client\u00e8le ne se limitent pas au monde francophone. C&rsquo;est pourquoi de plus en plus de grandes entreprises et de boutiques font le choix de proposer du contenu en ligne dans diff\u00e9rentes langues. Structure du site, fiches descriptives des produits, articles de blog&#8230; Proposer du contenu SEO en anglais sur votre site web permet de multiplier par 100 votre visibilit\u00e9, et par l\u00e0 votre potentielle client\u00e8le. Certains produits de luxe fran\u00e7ais poss\u00e8dent un fort potentiel au regard des march\u00e9s \u00e9trangers. Mais leur popularit\u00e9 est bien souvent\u2026<\/p>\n","protected":false},"author":1,"featured_media":0,"parent":0,"menu_order":0,"comment_status":"closed","ping_status":"closed","template":"","meta":{"om_disable_all_campaigns":false,"_monsterinsights_skip_tracking":false,"_monsterinsights_sitenote_active":false,"_monsterinsights_sitenote_note":"","_monsterinsights_sitenote_category":0},"blocksy_meta":{"styles_descriptor":{"styles":{"desktop":"","tablet":"","mobile":""},"google_fonts":[]}},"aioseo_notices":[],"_links":{"self":[{"href":"https:\/\/y-a-wordsmith.fr\/index.php\/wp-json\/wp\/v2\/pages\/333"}],"collection":[{"href":"https:\/\/y-a-wordsmith.fr\/index.php\/wp-json\/wp\/v2\/pages"}],"about":[{"href":"https:\/\/y-a-wordsmith.fr\/index.php\/wp-json\/wp\/v2\/types\/page"}],"author":[{"embeddable":true,"href":"https:\/\/y-a-wordsmith.fr\/index.php\/wp-json\/wp\/v2\/users\/1"}],"replies":[{"embeddable":true,"href":"https:\/\/y-a-wordsmith.fr\/index.php\/wp-json\/wp\/v2\/comments?post=333"}],"version-history":[{"count":14,"href":"https:\/\/y-a-wordsmith.fr\/index.php\/wp-json\/wp\/v2\/pages\/333\/revisions"}],"predecessor-version":[{"id":426,"href":"https:\/\/y-a-wordsmith.fr\/index.php\/wp-json\/wp\/v2\/pages\/333\/revisions\/426"}],"wp:attachment":[{"href":"https:\/\/y-a-wordsmith.fr\/index.php\/wp-json\/wp\/v2\/media?parent=333"}],"curies":[{"name":"wp","href":"https:\/\/api.w.org\/{rel}","templated":true}]}}