{"id":31,"date":"2021-07-14T18:40:03","date_gmt":"2021-07-14T16:40:03","guid":{"rendered":"https:\/\/y-a-wordsmith.fr\/?page_id=31"},"modified":"2021-12-09T12:38:16","modified_gmt":"2021-12-09T11:38:16","slug":"politique-de-confidentialite","status":"publish","type":"page","link":"https:\/\/y-a-wordsmith.fr\/index.php\/politique-de-confidentialite\/","title":{"rendered":"Politique de confidentialit\u00e9"},"content":{"rendered":"\n<p>Conform\u00e9ment aux dispositions du r\u00e8glement g\u00e9n\u00e9ral pour la protection des donn\u00e9es, Y-A-Wordsmith.fr dispose d&rsquo;une politique de confidentialit\u00e9 modifi\u00e9e et entr\u00e9e en vigueur le 9 d\u00e9cembre 2021.<\/p>\n\n\n\n<p>Les donn\u00e9es collect\u00e9es le sont sous plusieurs formes : <\/p>\n\n\n\n<p>1 : Cookies fonctionnels anonymes, et cookies \u00e0 but statistique anonymes. Ils ne sont accessibles que par le webmaster et toutes les donn\u00e9es sont effac\u00e9es \u00e0 la fin de chaque mois, date \u00e0 laquelle commence une nouvelle campagne d&rsquo;analyse de trafic et d&rsquo;utilisation du site web.<\/p>\n\n\n\n<p>2: Donn\u00e9es personnelles collect\u00e9es \u00e0 l&rsquo;aide de formulaires, dans le but de passer une commande, de la suivre et de la traiter. Ces donn\u00e9es non anonymes sont collect\u00e9es avec le consentement de l&rsquo;utilisateur et ne sont utilis\u00e9es que dans ce but. Elles sont ensuite d\u00e9truites une fois la commande trait\u00e9e. Elles peuvent \u00eatre consult\u00e9es et modifi\u00e9es \u00e0 tout moment et sur simple demande par la personne concern\u00e9e.<\/p>\n\n\n\n<p>Aucune de ces donn\u00e9es n&rsquo;est utilis\u00e9e dans un but publicitaire ou de d\u00e9marchage ou autre. Aucune autre personne que le webmaster et la personne concern\u00e9e ne peuvent y avoir acc\u00e8s, et elles ne sont transmises ni consultables par aucun tiers.<\/p>\n\n\n\n<p><\/p>\n\n\n\n<p>Personne \u00e0 joindre pour toute question, demande de modifications&#8230;<\/p>\n\n\n\n<p>Webmaster : Mr ALVINO Yohann : yohann.alvino@hotmail.com , 06 31 59 63 50<\/p>\n\n\n\n<p><\/p>\n","protected":false},"excerpt":{"rendered":"<p>Conform\u00e9ment aux dispositions du r\u00e8glement g\u00e9n\u00e9ral pour la protection des donn\u00e9es, Y-A-Wordsmith.fr dispose d&rsquo;une politique de confidentialit\u00e9 modifi\u00e9e et entr\u00e9e en vigueur le 9 d\u00e9cembre 2021. Les donn\u00e9es collect\u00e9es le sont sous plusieurs formes : 1 : Cookies fonctionnels anonymes, et cookies \u00e0 but statistique anonymes. Ils ne sont accessibles que par le webmaster et toutes les donn\u00e9es sont effac\u00e9es \u00e0 la fin de chaque mois, date \u00e0 laquelle commence une nouvelle campagne d&rsquo;analyse de trafic et d&rsquo;utilisation du site web. 2: Donn\u00e9es personnelles collect\u00e9es \u00e0 l&rsquo;aide de formulaires, dans le but de passer une commande, de la suivre et\u2026<\/p>\n","protected":false},"author":1,"featured_media":0,"parent":0,"menu_order":0,"comment_status":"closed","ping_status":"closed","template":"","meta":{"om_disable_all_campaigns":false,"_monsterinsights_skip_tracking":false,"_monsterinsights_sitenote_active":false,"_monsterinsights_sitenote_note":"","_monsterinsights_sitenote_category":0},"blocksy_meta":{"styles_descriptor":{"styles":{"desktop":"","tablet":"","mobile":""},"google_fonts":[]}},"aioseo_notices":[],"_links":{"self":[{"href":"https:\/\/y-a-wordsmith.fr\/index.php\/wp-json\/wp\/v2\/pages\/31"}],"collection":[{"href":"https:\/\/y-a-wordsmith.fr\/index.php\/wp-json\/wp\/v2\/pages"}],"about":[{"href":"https:\/\/y-a-wordsmith.fr\/index.php\/wp-json\/wp\/v2\/types\/page"}],"author":[{"embeddable":true,"href":"https:\/\/y-a-wordsmith.fr\/index.php\/wp-json\/wp\/v2\/users\/1"}],"replies":[{"embeddable":true,"href":"https:\/\/y-a-wordsmith.fr\/index.php\/wp-json\/wp\/v2\/comments?post=31"}],"version-history":[{"count":2,"href":"https:\/\/y-a-wordsmith.fr\/index.php\/wp-json\/wp\/v2\/pages\/31\/revisions"}],"predecessor-version":[{"id":508,"href":"https:\/\/y-a-wordsmith.fr\/index.php\/wp-json\/wp\/v2\/pages\/31\/revisions\/508"}],"wp:attachment":[{"href":"https:\/\/y-a-wordsmith.fr\/index.php\/wp-json\/wp\/v2\/media?parent=31"}],"curies":[{"name":"wp","href":"https:\/\/api.w.org\/{rel}","templated":true}]}}