{"id":21,"date":"2021-07-14T16:32:50","date_gmt":"2021-07-14T14:32:50","guid":{"rendered":"https:\/\/y-a-wordsmith.fr\/?page_id=21"},"modified":"2021-08-19T14:59:45","modified_gmt":"2021-08-19T12:59:45","slug":"fil-dactualites","status":"publish","type":"page","link":"https:\/\/y-a-wordsmith.fr\/index.php\/fil-dactualites\/","title":{"rendered":"Le blog Y.A Wordsmith"},"content":{"rendered":"\n<h2>Actualit\u00e9s SEO et r\u00e9daction Web<\/h2>\n\n\n\n<div class=\"is-layout-flex wp-container-2 wp-block-columns\">\n<div class=\"is-layout-flow wp-block-column\" style=\"flex-basis:100%\"><ul class=\"wp-block-latest-posts__list has-dates aligncenter wp-block-latest-posts\"><li><a class=\"wp-block-latest-posts__post-title\" href=\"https:\/\/y-a-wordsmith.fr\/index.php\/2023\/03\/01\/les-pires-erreurs-seo-les-articles-vides-aux-titres-attractifs\/\">Les pires erreurs SEO : les articles vides aux titres attractifs<\/a><time datetime=\"2023-03-01T14:40:59+01:00\" class=\"wp-block-latest-posts__post-date\">1 mars 2023<\/time><div class=\"wp-block-latest-posts__post-excerpt\">Parmi les pires erreurs SEO, \u00e9tudions aujourd&rsquo;hui une pratique courante mais frustrante, et surtout contre productive. Il s&rsquo;agit d&rsquo;articles au titre s\u00e9ducteur, plein de promesses, mais qui conduisent \u00e0 un article vide d&rsquo;informations. Surfer sur la hype autour d&rsquo;un sujet C&rsquo;est un genre d&rsquo;article que l&rsquo;on voit tr\u00e8s souvent fleurir\u2026<\/div><\/li>\n<li><a class=\"wp-block-latest-posts__post-title\" href=\"https:\/\/y-a-wordsmith.fr\/index.php\/2021\/08\/19\/redaction-seo-tout-miser-sur-loptimisation-serait-il-une-erreur\/\">R\u00e9daction SEO : tout miser sur l&rsquo;optimisation serait il une erreur?<\/a><time datetime=\"2021-08-19T14:46:52+02:00\" class=\"wp-block-latest-posts__post-date\">19 ao\u00fbt 2021<\/time><div class=\"wp-block-latest-posts__post-excerpt\">Aujourd&rsquo;hui, la concurrence sur internet est telle, que pour se d\u00e9marquer ou pour simplement \u00eatre visible sur le web, la plupart des concepteurs et r\u00e9dacteurs misent sur l&rsquo;optimisation \u00e0 outrance de leur r\u00e9daction SEO pour obtenir un meilleur r\u00e9f\u00e9rencement. Mais privil\u00e9gier la technique \u00e0 la qualit\u00e9 r\u00e9dactionnelle serait-il une erreur?\u2026<\/div><\/li>\n<\/ul><\/div>\n<\/div>\n","protected":false},"excerpt":{"rendered":"<p>Actualit\u00e9s SEO et r\u00e9daction Web<\/p>\n","protected":false},"author":1,"featured_media":0,"parent":0,"menu_order":0,"comment_status":"closed","ping_status":"closed","template":"","meta":{"om_disable_all_campaigns":false,"_monsterinsights_skip_tracking":false,"_monsterinsights_sitenote_active":false,"_monsterinsights_sitenote_note":"","_monsterinsights_sitenote_category":0},"blocksy_meta":{"styles_descriptor":{"styles":{"desktop":"","tablet":"","mobile":""},"google_fonts":[]}},"aioseo_notices":[],"_links":{"self":[{"href":"https:\/\/y-a-wordsmith.fr\/index.php\/wp-json\/wp\/v2\/pages\/21"}],"collection":[{"href":"https:\/\/y-a-wordsmith.fr\/index.php\/wp-json\/wp\/v2\/pages"}],"about":[{"href":"https:\/\/y-a-wordsmith.fr\/index.php\/wp-json\/wp\/v2\/types\/page"}],"author":[{"embeddable":true,"href":"https:\/\/y-a-wordsmith.fr\/index.php\/wp-json\/wp\/v2\/users\/1"}],"replies":[{"embeddable":true,"href":"https:\/\/y-a-wordsmith.fr\/index.php\/wp-json\/wp\/v2\/comments?post=21"}],"version-history":[{"count":6,"href":"https:\/\/y-a-wordsmith.fr\/index.php\/wp-json\/wp\/v2\/pages\/21\/revisions"}],"predecessor-version":[{"id":490,"href":"https:\/\/y-a-wordsmith.fr\/index.php\/wp-json\/wp\/v2\/pages\/21\/revisions\/490"}],"wp:attachment":[{"href":"https:\/\/y-a-wordsmith.fr\/index.php\/wp-json\/wp\/v2\/media?parent=21"}],"curies":[{"name":"wp","href":"https:\/\/api.w.org\/{rel}","templated":true}]}}