{"id":166,"date":"2021-08-05T21:57:54","date_gmt":"2021-08-05T19:57:54","guid":{"rendered":"https:\/\/y-a-wordsmith.fr\/?page_id=166"},"modified":"2021-08-05T22:39:37","modified_gmt":"2021-08-05T20:39:37","slug":"a-propos-de-y-a-wordsmith","status":"publish","type":"page","link":"https:\/\/y-a-wordsmith.fr\/index.php\/a-propos-de-y-a-wordsmith\/","title":{"rendered":"A propos de Y-A Wordsmith"},"content":{"rendered":"\n<figure class=\"is-layout-flex wp-block-gallery-1 wp-block-gallery columns-1 is-cropped\"><ul class=\"blocks-gallery-grid\"><li class=\"blocks-gallery-item\"><figure><img decoding=\"async\" loading=\"lazy\" width=\"1024\" height=\"512\" src=\"https:\/\/y-a-wordsmith.fr\/wp-content\/uploads\/2021\/08\/SEO1-1024x512.jpg\" alt=\"\" data-id=\"157\" data-full-url=\"https:\/\/y-a-wordsmith.fr\/wp-content\/uploads\/2021\/08\/SEO1-scaled.jpg\" data-link=\"https:\/\/y-a-wordsmith.fr\/index.php\/contenu-seo-haut-de-gamme\/seo1\/\" class=\"wp-image-157\" srcset=\"https:\/\/y-a-wordsmith.fr\/wp-content\/uploads\/2021\/08\/SEO1-1024x512.jpg 1024w, https:\/\/y-a-wordsmith.fr\/wp-content\/uploads\/2021\/08\/SEO1-300x150.jpg 300w, https:\/\/y-a-wordsmith.fr\/wp-content\/uploads\/2021\/08\/SEO1-768x384.jpg 768w, https:\/\/y-a-wordsmith.fr\/wp-content\/uploads\/2021\/08\/SEO1-1536x768.jpg 1536w\" sizes=\"(max-width: 1024px) 100vw, 1024px\" \/><\/figure><\/li><\/ul><\/figure>\n\n\n\n<p>Cr\u00e9\u00e9e il y a quelques ann\u00e9es par Yohann Alvino, r\u00e9dacteur web freelance, Y-A Wordsmith est vite devenue sp\u00e9cialiste de la r\u00e9daction SEO de niche : proposant un contenu de tr\u00e8s grande qualit\u00e9 \u00e0 des grandes entreprises et sites web \u00e0 la client\u00e8le exigeante.<\/p>\n\n\n\n<p>Conscients de l&rsquo;investissement qu&rsquo;un contenu de qualit\u00e9 repr\u00e9sente, nous sommes toujours soucieux de la satisfaction de nos clients, et leur proposons un service apr\u00e8s-vente de haute qualit\u00e9. Retouches gratuites, assistance t\u00e9l\u00e9phonique&#8230;<\/p>\n\n\n\n<p><\/p>\n\n\n\n<div class=\"wp-block-image\"><figure class=\"aligncenter size-large is-resized\"><img decoding=\"async\" loading=\"lazy\" src=\"https:\/\/y-a-wordsmith.fr\/wp-content\/uploads\/2021\/08\/Sans-titre1.jpg\" alt=\"\" class=\"wp-image-176\" width=\"188\" height=\"320\" srcset=\"https:\/\/y-a-wordsmith.fr\/wp-content\/uploads\/2021\/08\/Sans-titre1.jpg 590w, https:\/\/y-a-wordsmith.fr\/wp-content\/uploads\/2021\/08\/Sans-titre1-176x300.jpg 176w\" sizes=\"(max-width: 188px) 100vw, 188px\" \/><figcaption>Yohann ALVINO, fondateur de Y-A Wordsmith<\/figcaption><\/figure><\/div>\n\n\n\n<p><\/p>\n\n\n\n<p><\/p>\n\n\n\n<p><\/p>\n","protected":false},"excerpt":{"rendered":"<p>Cr\u00e9\u00e9e il y a quelques ann\u00e9es par Yohann Alvino, r\u00e9dacteur web freelance, Y-A Wordsmith est vite devenue sp\u00e9cialiste de la r\u00e9daction SEO de niche : proposant un contenu de tr\u00e8s grande qualit\u00e9 \u00e0 des grandes entreprises et sites web \u00e0 la client\u00e8le exigeante. Conscients de l&rsquo;investissement qu&rsquo;un contenu de qualit\u00e9 repr\u00e9sente, nous sommes toujours soucieux de la satisfaction de nos clients, et leur proposons un service apr\u00e8s-vente de haute qualit\u00e9. Retouches gratuites, assistance t\u00e9l\u00e9phonique&#8230;<\/p>\n","protected":false},"author":1,"featured_media":0,"parent":0,"menu_order":0,"comment_status":"closed","ping_status":"closed","template":"","meta":{"om_disable_all_campaigns":false,"_monsterinsights_skip_tracking":false,"_monsterinsights_sitenote_active":false,"_monsterinsights_sitenote_note":"","_monsterinsights_sitenote_category":0},"blocksy_meta":{"styles_descriptor":{"styles":{"desktop":"","tablet":"","mobile":""},"google_fonts":[]}},"aioseo_notices":[],"_links":{"self":[{"href":"https:\/\/y-a-wordsmith.fr\/index.php\/wp-json\/wp\/v2\/pages\/166"}],"collection":[{"href":"https:\/\/y-a-wordsmith.fr\/index.php\/wp-json\/wp\/v2\/pages"}],"about":[{"href":"https:\/\/y-a-wordsmith.fr\/index.php\/wp-json\/wp\/v2\/types\/page"}],"author":[{"embeddable":true,"href":"https:\/\/y-a-wordsmith.fr\/index.php\/wp-json\/wp\/v2\/users\/1"}],"replies":[{"embeddable":true,"href":"https:\/\/y-a-wordsmith.fr\/index.php\/wp-json\/wp\/v2\/comments?post=166"}],"version-history":[{"count":4,"href":"https:\/\/y-a-wordsmith.fr\/index.php\/wp-json\/wp\/v2\/pages\/166\/revisions"}],"predecessor-version":[{"id":177,"href":"https:\/\/y-a-wordsmith.fr\/index.php\/wp-json\/wp\/v2\/pages\/166\/revisions\/177"}],"wp:attachment":[{"href":"https:\/\/y-a-wordsmith.fr\/index.php\/wp-json\/wp\/v2\/media?parent=166"}],"curies":[{"name":"wp","href":"https:\/\/api.w.org\/{rel}","templated":true}]}}