{"id":143,"date":"2021-08-05T18:52:14","date_gmt":"2021-08-05T16:52:14","guid":{"rendered":"https:\/\/y-a-wordsmith.fr\/?page_id=143"},"modified":"2023-02-17T19:00:24","modified_gmt":"2023-02-17T18:00:24","slug":"ebook-devenir-redacteur-web","status":"publish","type":"page","link":"https:\/\/y-a-wordsmith.fr\/index.php\/ebook-devenir-redacteur-web\/","title":{"rendered":"Ebook devenir r\u00e9dacteur web"},"content":{"rendered":"\n<div class=\"is-layout-flex wp-container-4 wp-block-columns\">\n<div class=\"is-layout-flow wp-block-column\">\n<figure class=\"wp-block-image size-large\"><img decoding=\"async\" loading=\"lazy\" width=\"642\" height=\"1024\" src=\"https:\/\/y-a-wordsmith.fr\/wp-content\/uploads\/2021\/08\/Devenir-redacteur-web-en-642x1024.jpg\" alt=\"ebook comment devenir r\u00e9dacteur web\" class=\"wp-image-275\" srcset=\"https:\/\/y-a-wordsmith.fr\/wp-content\/uploads\/2021\/08\/Devenir-redacteur-web-en-642x1024.jpg 642w, https:\/\/y-a-wordsmith.fr\/wp-content\/uploads\/2021\/08\/Devenir-redacteur-web-en-188x300.jpg 188w, https:\/\/y-a-wordsmith.fr\/wp-content\/uploads\/2021\/08\/Devenir-redacteur-web-en-768x1226.jpg 768w, https:\/\/y-a-wordsmith.fr\/wp-content\/uploads\/2021\/08\/Devenir-redacteur-web-en-963x1536.jpg 963w, https:\/\/y-a-wordsmith.fr\/wp-content\/uploads\/2021\/08\/Devenir-redacteur-web-en-1283x2048.jpg 1283w, https:\/\/y-a-wordsmith.fr\/wp-content\/uploads\/2021\/08\/Devenir-redacteur-web-en.jpg 1410w\" sizes=\"(max-width: 642px) 100vw, 642px\" \/><\/figure>\n<\/div>\n\n\n\n<div class=\"is-layout-flow wp-block-column\">\n<h2>Le guide pas \u00e0 pas pour devenir r\u00e9dacteur web<\/h2>\n\n\n\n<ul>\n<li>Cr\u00e9ation du statut d&rsquo;autoentrepreneur<\/li>\n\n\n\n<li>Obtention des identifiants <\/li>\n\n\n\n<li>Cr\u00e9ation du compte professionnel URSSAF<\/li>\n\n\n\n<li>introduction \u00e0 la r\u00e9daction SEO<\/li>\n\n\n\n<li>Les logiciels \u00e0 conna\u00eetre et utiliser<\/li>\n\n\n\n<li>Les plates-formes pour r\u00e9diger vos premiers textes<\/li>\n\n\n\n<li>D\u00e9clarer vos premiers revenus<\/li>\n<\/ul>\n\n\n\n<div style=\"height:18px\" aria-hidden=\"true\" class=\"wp-block-spacer\"><\/div>\n\n\n\n<div class=\"is-horizontal is-content-justification-center is-layout-flex wp-container-2 wp-block-buttons\">\n<div class=\"wp-block-button\"><a class=\"wp-block-button__link has-background wp-element-button\" href=\"https:\/\/www.amazon.fr\/Devenir-r%C3%A9dacteur-web-%C3%A9tapes-internet-ebook\/dp\/B0BW1FNKSC\/ref=sr_1_9?__mk_fr_FR=%C3%85M%C3%85%C5%BD%C3%95%C3%91&amp;crid=2V401VWIHEOIB&amp;keywords=devenir+r%C3%A9dacteur+web&amp;qid=1676656678&amp;sprefix=devenir+redacteur+web%2Caps%2C68&amp;sr=8-9\" style=\"border-radius:50px;background-color:#8bb789\">COMMANDER sur AMAZON : 4,99 Euros<\/a><\/div>\n<\/div>\n\n\n\n<div style=\"height:32px\" aria-hidden=\"true\" class=\"wp-block-spacer\"><\/div>\n\n\n\n<figure class=\"wp-block-pullquote has-border-color\" style=\"border-color:#8bb789\"><blockquote><p>Tout ce dont vous avez besoin pour devenir r\u00e9dacteur web free-lance et commencer \u00e0 avoir des revenus sur Internet apr\u00e8s quelques semaines.<\/p><cite>Y.A Wordsmith<\/cite><\/blockquote><\/figure>\n\n\n\n<p class=\"has-text-align-center\"><\/p>\n<\/div>\n<\/div>\n\n\n\n<p><\/p>\n","protected":false},"excerpt":{"rendered":"<p>Le guide pas \u00e0 pas pour devenir r\u00e9dacteur web Tout ce dont vous avez besoin pour devenir r\u00e9dacteur web free-lance et commencer \u00e0 avoir des revenus sur Internet apr\u00e8s quelques semaines. Y.A Wordsmith<\/p>\n","protected":false},"author":1,"featured_media":0,"parent":0,"menu_order":0,"comment_status":"closed","ping_status":"closed","template":"","meta":{"om_disable_all_campaigns":false,"_monsterinsights_skip_tracking":false,"_monsterinsights_sitenote_active":false,"_monsterinsights_sitenote_note":"","_monsterinsights_sitenote_category":0},"blocksy_meta":{"styles_descriptor":{"styles":{"desktop":"","tablet":"","mobile":""},"google_fonts":[]}},"aioseo_notices":[],"_links":{"self":[{"href":"https:\/\/y-a-wordsmith.fr\/index.php\/wp-json\/wp\/v2\/pages\/143"}],"collection":[{"href":"https:\/\/y-a-wordsmith.fr\/index.php\/wp-json\/wp\/v2\/pages"}],"about":[{"href":"https:\/\/y-a-wordsmith.fr\/index.php\/wp-json\/wp\/v2\/types\/page"}],"author":[{"embeddable":true,"href":"https:\/\/y-a-wordsmith.fr\/index.php\/wp-json\/wp\/v2\/users\/1"}],"replies":[{"embeddable":true,"href":"https:\/\/y-a-wordsmith.fr\/index.php\/wp-json\/wp\/v2\/comments?post=143"}],"version-history":[{"count":18,"href":"https:\/\/y-a-wordsmith.fr\/index.php\/wp-json\/wp\/v2\/pages\/143\/revisions"}],"predecessor-version":[{"id":532,"href":"https:\/\/y-a-wordsmith.fr\/index.php\/wp-json\/wp\/v2\/pages\/143\/revisions\/532"}],"wp:attachment":[{"href":"https:\/\/y-a-wordsmith.fr\/index.php\/wp-json\/wp\/v2\/media?parent=143"}],"curies":[{"name":"wp","href":"https:\/\/api.w.org\/{rel}","templated":true}]}}